{"id":746,"date":"2021-08-24T08:26:25","date_gmt":"2021-08-24T08:26:25","guid":{"rendered":"https:\/\/ecartes.orange.com\/ml\/?post_type=product&#038;p=746"},"modified":"2024-10-09T15:29:30","modified_gmt":"2024-10-09T15:29:30","slug":"e-carte-netflix-25e","status":"publish","type":"product","link":"https:\/\/ecartes.orange.com\/ml\/produit\/e-carte-netflix-25e\/","title":{"rendered":"e-Carte Netflix 25\u20ac"},"content":{"rendered":"<h1>e-Carte Netflix 25\u20ac<\/h1>\n<p>Vous souhaitez acc\u00e9der au service Netflix et voir vos s\u00e9ries et films pr\u00e9f\u00e9r\u00e9s ?<br \/>\nCette e-Carte Netflix 25\u20ac vous permet de recharger votre compte Netflix de 25\u20ac et ainsi payer votre abonnement Netflix.<\/p>\n<p>&nbsp;<\/p>\n<h2><strong>Informations importantes<\/strong><\/h2>\n<ul>\n<li>ATTENTION : Cette e-Carte est valable uniquement pour Netflix, sur un compte Netflix en <strong>EUROS<\/strong>.<\/li>\n<li>ATTENTION : <strong>Cette e-Carte ne vous permet pas d&rsquo;ouvrir un compte Netflix<\/strong>, uniquement de le recharger<\/li>\n<li>Cette e-Carte n&rsquo;est ni \u00e9changeable ni remboursable<\/li>\n<li>Date d&rsquo;expiration : Aucune<\/li>\n<li>Offre soumise \u00e0 l&rsquo;int\u00e9gralit\u00e9 des conditions d&rsquo;utilisation disponibles sur <a href=\"https:\/\/help.netflix.com\/legal\/giftterms\" target=\"_blank\" rel=\"noopener noreferrer\">Netflix.com<\/a><\/li>\n<\/ul>\n<h2><strong>Comment utiliser ma e-Carte Netflix 25\u20ac ?<\/strong><\/h2>\n<ul>\n<li>Une fois votre e-Carte Netflix achet\u00e9e sur l&rsquo;espace e-Carte Fun, nous vous envoyons par email le code unique de votre e-Carte\u00a0 Netflix<\/li>\n<li>Rendez-vous sur l&rsquo;application mobile Netflix ou sur <a href=\"http:\/\/www.Netflix.com\" target=\"_blank\" rel=\"noopener noreferrer\">Netflix.com<\/a> et connectez-vous \u00e0 votre compte Netflix<\/li>\n<li>Rendez-vous ensuite sur <a href=\"https:\/\/www.netflix.com\/fr\/redeem\" target=\"_blank\" rel=\"noopener noreferrer\">https:\/\/www.netflix.com\/fr\/redeem<\/a> et rentrez le code unique dans l&rsquo;espace pr\u00e9vu<\/li>\n<li>Votre compte Netflix est alors cr\u00e9dit\u00e9 du montant de la e-Carte<\/li>\n<\/ul>\n","protected":false},"excerpt":{"rendered":"<p>e-Carte Netflix 25\u20ac Vous souhaitez acc\u00e9der au service Netflix et voir vos s\u00e9ries et films pr\u00e9f\u00e9r\u00e9s ? Cette e-Carte Netflix 25\u20ac vous permet de recharger votre compte Netflix de 25\u20ac et ainsi payer votre abonnement Netflix. &nbsp; Informations importantes ATTENTION : Cette e-Carte est valable uniquement pour Netflix, sur un compte Netflix en EUROS. ATTENTION [&hellip;]<\/p>\n","protected":false},"featured_media":236,"comment_status":"open","ping_status":"closed","template":"","meta":[],"product_cat":[37],"product_tag":[],"yoast_head":"<!-- This site is optimized with the Yoast SEO plugin v19.8 - https:\/\/yoast.com\/wordpress\/plugins\/seo\/ -->\n<title>e-Carte Netflix 25\u20ac - e-cartes Fun<\/title>\n<meta name=\"description\" content=\"Rechargez votre compte Netflix depuis le Mali et avec Orange Money avec cette e-Carte Playstation\" \/>\n<meta name=\"robots\" content=\"index, follow, max-snippet:-1, max-image-preview:large, max-video-preview:-1\" \/>\n<link rel=\"canonical\" href=\"https:\/\/ecartes.orange.com\/ml\/produit\/e-carte-netflix-25e\/\" \/>\n<meta property=\"og:locale\" content=\"fr_FR\" \/>\n<meta property=\"og:type\" content=\"article\" \/>\n<meta property=\"og:title\" content=\"e-Carte Netflix 25\u20ac - e-cartes Fun\" \/>\n<meta property=\"og:description\" content=\"Rechargez votre compte Netflix depuis le Mali et avec Orange Money avec cette e-Carte Playstation\" \/>\n<meta property=\"og:url\" content=\"https:\/\/ecartes.orange.com\/ml\/produit\/e-carte-netflix-25e\/\" \/>\n<meta property=\"og:site_name\" content=\"e-cartes Fun\" \/>\n<meta property=\"article:modified_time\" content=\"2024-10-09T15:29:30+00:00\" \/>\n<meta property=\"og:image\" content=\"https:\/\/ecartes.orange.com\/ml\/wp-content\/uploads\/8e5c5df91be586a1e977bccaecb463d7f16c9074.png\" \/>\n\t<meta property=\"og:image:width\" content=\"1500\" \/>\n\t<meta property=\"og:image:height\" content=\"950\" \/>\n\t<meta property=\"og:image:type\" content=\"image\/png\" \/>\n<meta name=\"twitter:card\" content=\"summary_large_image\" \/>\n<meta name=\"twitter:label1\" content=\"Dur\u00e9e de lecture estim\u00e9e\" \/>\n\t<meta name=\"twitter:data1\" content=\"1 minute\" \/>\n<script type=\"application\/ld+json\" class=\"yoast-schema-graph\">{\"@context\":\"https:\/\/schema.org\",\"@graph\":[{\"@type\":\"WebPage\",\"@id\":\"https:\/\/ecartes.orange.com\/ml\/produit\/e-carte-netflix-25e\/\",\"url\":\"https:\/\/ecartes.orange.com\/ml\/produit\/e-carte-netflix-25e\/\",\"name\":\"e-Carte Netflix 25\u20ac - e-cartes Fun\",\"isPartOf\":{\"@id\":\"https:\/\/ecartes.orange.com\/ml\/#website\"},\"datePublished\":\"2021-08-24T08:26:25+00:00\",\"dateModified\":\"2024-10-09T15:29:30+00:00\",\"description\":\"Rechargez votre compte Netflix depuis le Mali et avec Orange Money avec cette e-Carte Playstation\",\"breadcrumb\":{\"@id\":\"https:\/\/ecartes.orange.com\/ml\/produit\/e-carte-netflix-25e\/#breadcrumb\"},\"inLanguage\":\"fr-FR\",\"potentialAction\":[{\"@type\":\"ReadAction\",\"target\":[\"https:\/\/ecartes.orange.com\/ml\/produit\/e-carte-netflix-25e\/\"]}]},{\"@type\":\"BreadcrumbList\",\"@id\":\"https:\/\/ecartes.orange.com\/ml\/produit\/e-carte-netflix-25e\/#breadcrumb\",\"itemListElement\":[{\"@type\":\"ListItem\",\"position\":1,\"name\":\"Accueil\",\"item\":\"https:\/\/ecartes.orange.com\/ml\/\"},{\"@type\":\"ListItem\",\"position\":2,\"name\":\"e-Carte Netflix 25\u20ac\"}]},{\"@type\":\"WebSite\",\"@id\":\"https:\/\/ecartes.orange.com\/ml\/#website\",\"url\":\"https:\/\/ecartes.orange.com\/ml\/\",\"name\":\"e-cartes Fun\",\"description\":\"\",\"publisher\":{\"@id\":\"https:\/\/ecartes.orange.com\/ml\/#organization\"},\"potentialAction\":[{\"@type\":\"SearchAction\",\"target\":{\"@type\":\"EntryPoint\",\"urlTemplate\":\"https:\/\/ecartes.orange.com\/ml\/?s={search_term_string}\"},\"query-input\":\"required name=search_term_string\"}],\"inLanguage\":\"fr-FR\"},{\"@type\":\"Organization\",\"@id\":\"https:\/\/ecartes.orange.com\/ml\/#organization\",\"name\":\"Orange eCartes Fun\",\"url\":\"https:\/\/ecartes.orange.com\/ml\/\",\"sameAs\":[],\"logo\":{\"@type\":\"ImageObject\",\"inLanguage\":\"fr-FR\",\"@id\":\"https:\/\/ecartes.orange.com\/ml\/#\/schema\/logo\/image\/\",\"url\":\"https:\/\/ecartes.orange.com\/ml\/wp-content\/uploads\/Logo_Orange_RGB.png\",\"contentUrl\":\"https:\/\/ecartes.orange.com\/ml\/wp-content\/uploads\/Logo_Orange_RGB.png\",\"width\":2362,\"height\":2362,\"caption\":\"Orange eCartes Fun\"},\"image\":{\"@id\":\"https:\/\/ecartes.orange.com\/ml\/#\/schema\/logo\/image\/\"}}]}<\/script>\n<!-- \/ Yoast SEO plugin. -->","yoast_head_json":{"title":"e-Carte Netflix 25\u20ac - e-cartes Fun","description":"Rechargez votre compte Netflix depuis le Mali et avec Orange Money avec cette e-Carte Playstation","robots":{"index":"index","follow":"follow","max-snippet":"max-snippet:-1","max-image-preview":"max-image-preview:large","max-video-preview":"max-video-preview:-1"},"canonical":"https:\/\/ecartes.orange.com\/ml\/produit\/e-carte-netflix-25e\/","og_locale":"fr_FR","og_type":"article","og_title":"e-Carte Netflix 25\u20ac - e-cartes Fun","og_description":"Rechargez votre compte Netflix depuis le Mali et avec Orange Money avec cette e-Carte Playstation","og_url":"https:\/\/ecartes.orange.com\/ml\/produit\/e-carte-netflix-25e\/","og_site_name":"e-cartes Fun","article_modified_time":"2024-10-09T15:29:30+00:00","og_image":[{"width":1500,"height":950,"url":"https:\/\/ecartes.orange.com\/ml\/wp-content\/uploads\/8e5c5df91be586a1e977bccaecb463d7f16c9074.png","type":"image\/png"}],"twitter_card":"summary_large_image","twitter_misc":{"Dur\u00e9e de lecture estim\u00e9e":"1 minute"},"schema":{"@context":"https:\/\/schema.org","@graph":[{"@type":"WebPage","@id":"https:\/\/ecartes.orange.com\/ml\/produit\/e-carte-netflix-25e\/","url":"https:\/\/ecartes.orange.com\/ml\/produit\/e-carte-netflix-25e\/","name":"e-Carte Netflix 25\u20ac - e-cartes Fun","isPartOf":{"@id":"https:\/\/ecartes.orange.com\/ml\/#website"},"datePublished":"2021-08-24T08:26:25+00:00","dateModified":"2024-10-09T15:29:30+00:00","description":"Rechargez votre compte Netflix depuis le Mali et avec Orange Money avec cette e-Carte Playstation","breadcrumb":{"@id":"https:\/\/ecartes.orange.com\/ml\/produit\/e-carte-netflix-25e\/#breadcrumb"},"inLanguage":"fr-FR","potentialAction":[{"@type":"ReadAction","target":["https:\/\/ecartes.orange.com\/ml\/produit\/e-carte-netflix-25e\/"]}]},{"@type":"BreadcrumbList","@id":"https:\/\/ecartes.orange.com\/ml\/produit\/e-carte-netflix-25e\/#breadcrumb","itemListElement":[{"@type":"ListItem","position":1,"name":"Accueil","item":"https:\/\/ecartes.orange.com\/ml\/"},{"@type":"ListItem","position":2,"name":"e-Carte Netflix 25\u20ac"}]},{"@type":"WebSite","@id":"https:\/\/ecartes.orange.com\/ml\/#website","url":"https:\/\/ecartes.orange.com\/ml\/","name":"e-cartes Fun","description":"","publisher":{"@id":"https:\/\/ecartes.orange.com\/ml\/#organization"},"potentialAction":[{"@type":"SearchAction","target":{"@type":"EntryPoint","urlTemplate":"https:\/\/ecartes.orange.com\/ml\/?s={search_term_string}"},"query-input":"required name=search_term_string"}],"inLanguage":"fr-FR"},{"@type":"Organization","@id":"https:\/\/ecartes.orange.com\/ml\/#organization","name":"Orange eCartes Fun","url":"https:\/\/ecartes.orange.com\/ml\/","sameAs":[],"logo":{"@type":"ImageObject","inLanguage":"fr-FR","@id":"https:\/\/ecartes.orange.com\/ml\/#\/schema\/logo\/image\/","url":"https:\/\/ecartes.orange.com\/ml\/wp-content\/uploads\/Logo_Orange_RGB.png","contentUrl":"https:\/\/ecartes.orange.com\/ml\/wp-content\/uploads\/Logo_Orange_RGB.png","width":2362,"height":2362,"caption":"Orange eCartes Fun"},"image":{"@id":"https:\/\/ecartes.orange.com\/ml\/#\/schema\/logo\/image\/"}}]}},"_links":{"self":[{"href":"https:\/\/ecartes.orange.com\/ml\/wp-json\/wp\/v2\/product\/746"}],"collection":[{"href":"https:\/\/ecartes.orange.com\/ml\/wp-json\/wp\/v2\/product"}],"about":[{"href":"https:\/\/ecartes.orange.com\/ml\/wp-json\/wp\/v2\/types\/product"}],"replies":[{"embeddable":true,"href":"https:\/\/ecartes.orange.com\/ml\/wp-json\/wp\/v2\/comments?post=746"}],"wp:featuredmedia":[{"embeddable":true,"href":"https:\/\/ecartes.orange.com\/ml\/wp-json\/wp\/v2\/media\/236"}],"wp:attachment":[{"href":"https:\/\/ecartes.orange.com\/ml\/wp-json\/wp\/v2\/media?parent=746"}],"wp:term":[{"taxonomy":"product_cat","embeddable":true,"href":"https:\/\/ecartes.orange.com\/ml\/wp-json\/wp\/v2\/product_cat?post=746"},{"taxonomy":"product_tag","embeddable":true,"href":"https:\/\/ecartes.orange.com\/ml\/wp-json\/wp\/v2\/product_tag?post=746"}],"curies":[{"name":"wp","href":"https:\/\/api.w.org\/{rel}","templated":true}]}}