{"id":662,"date":"2021-07-02T09:59:08","date_gmt":"2021-07-02T09:59:08","guid":{"rendered":"https:\/\/ecartes.orange.com\/ml\/?post_type=product&#038;p=662"},"modified":"2024-10-09T15:27:26","modified_gmt":"2024-10-09T15:27:26","slug":"e-carte-amazon-10e","status":"publish","type":"product","link":"https:\/\/ecartes.orange.com\/ml\/produit\/e-carte-amazon-10e\/","title":{"rendered":"e-Carte Amazon 10\u20ac"},"content":{"rendered":"<h1>e-Carte Amazon 10\u20ac<\/h1>\n<p>Cette e-Carte Amazon 10\u20ac vous permet de recharger votre compte <strong>Amazon.fr<\/strong> de 10\u20ac et ainsi commander des articles sur Amazon.fr.<\/p>\n<p>&nbsp;<\/p>\n<h2><strong>Informations importantes<\/strong><\/h2>\n<ul>\n<li>Cette e-Carte est valable uniquement pour Amazon.fr, sur un compte Amazon.fr en euros.<\/li>\n<li>Cette e-Carte n&rsquo;est ni \u00e9changeable ni remboursable<\/li>\n<li>Date d&rsquo;expiration : 2030<\/li>\n<li>Offre soumise \u00e0 l&rsquo;int\u00e9gralit\u00e9 des <a href=\"https:\/\/www.amazon.fr\/gp\/help\/customer\/display.html%3FnodeId=548558&amp;app-nav-type=modal\/ref=gcui_b_e_tc_c_d\" target=\"_blank\" rel=\"noopener noreferrer\">conditions g\u00e9n\u00e9rales d&rsquo;utilisation des ch\u00e8ques-cadeaux Amazon.fr<\/a><\/li>\n<\/ul>\n<h2><strong>Comment utiliser ma e-Carte Amazon 10\u20ac ?<\/strong><\/h2>\n<ul>\n<li>Une fois votre e-Carte Amazon achet\u00e9e sur l&rsquo;espace e-Carte Fun, nous vous envoyons par email le code unique de votre e-Carte Amazon<\/li>\n<li>Rendez-vous sur <a href=\"https:\/\/www.amazon.fr\/\" target=\"_blank\" rel=\"noopener noreferrer\">Amazon.fr<\/a> et connectez-vous \u00e0 votre compte Amazon<\/li>\n<li>Rendez-vous ensuite sur Votre Compte, rubrique Ch\u00e8ques cadeaux et Recharge, \u00ab\u00a0Ajouter \u00e0 votre compte\u00a0\u00bb, et rentrez le code unique dans l&rsquo;espace pr\u00e9vu (\u00ab\u00a0<b>Saisissez le code du ch\u00e8que-cadeau<\/b>\u00ab\u00a0)<\/li>\n<li>Votre compte Amazon.fr est alors cr\u00e9dit\u00e9 du montant de la e-Carte<\/li>\n<li>Le solde du compte ch\u00e8que-cadeau est utilis\u00e9 automatiquement pour le r\u00e8glement des commandes pouvant en b\u00e9n\u00e9ficier<\/li>\n<li>Si le solde du compte ch\u00e8que-cadeau ne couvre pas le montant total de la commande, le restant doit \u00eatre r\u00e9gl\u00e9 avec un autre mode de paiement<\/li>\n<\/ul>\n<p>&nbsp;<\/p>\n","protected":false},"excerpt":{"rendered":"<p>e-Carte Amazon 10\u20ac Cette e-Carte Amazon 10\u20ac vous permet de recharger votre compte Amazon.fr de 10\u20ac et ainsi commander des articles sur Amazon.fr. &nbsp; Informations importantes Cette e-Carte est valable uniquement pour Amazon.fr, sur un compte Amazon.fr en euros. Cette e-Carte n&rsquo;est ni \u00e9changeable ni remboursable Date d&rsquo;expiration : 2030 Offre soumise \u00e0 l&rsquo;int\u00e9gralit\u00e9 des [&hellip;]<\/p>\n","protected":false},"featured_media":235,"comment_status":"open","ping_status":"closed","template":"","meta":[],"product_cat":[39],"product_tag":[],"yoast_head":"<!-- This site is optimized with the Yoast SEO plugin v19.8 - https:\/\/yoast.com\/wordpress\/plugins\/seo\/ -->\n<title>e-Carte Amazon 10\u20ac - e-cartes Fun<\/title>\n<meta name=\"description\" content=\"Rechargez votre compte Amazon.fr depuis le Mali avec Orange. Achetez cette carte Amazon 10\u20ac en CFA avec Orange Money\" \/>\n<meta name=\"robots\" content=\"index, follow, max-snippet:-1, max-image-preview:large, max-video-preview:-1\" \/>\n<link rel=\"canonical\" href=\"https:\/\/ecartes.orange.com\/ml\/produit\/e-carte-amazon-10e\/\" \/>\n<meta property=\"og:locale\" content=\"fr_FR\" \/>\n<meta property=\"og:type\" content=\"article\" \/>\n<meta property=\"og:title\" content=\"e-Carte Amazon 10\u20ac - e-cartes Fun\" \/>\n<meta property=\"og:description\" content=\"Rechargez votre compte Amazon.fr depuis le Mali avec Orange. Achetez cette carte Amazon 10\u20ac en CFA avec Orange Money\" \/>\n<meta property=\"og:url\" content=\"https:\/\/ecartes.orange.com\/ml\/produit\/e-carte-amazon-10e\/\" \/>\n<meta property=\"og:site_name\" content=\"e-cartes Fun\" \/>\n<meta property=\"article:modified_time\" content=\"2024-10-09T15:27:26+00:00\" \/>\n<meta property=\"og:image\" content=\"https:\/\/ecartes.orange.com\/ml\/wp-content\/uploads\/2e08b174942aedae636fc743814caf0e8243207f.png\" \/>\n\t<meta property=\"og:image:width\" content=\"1463\" \/>\n\t<meta property=\"og:image:height\" content=\"897\" \/>\n\t<meta property=\"og:image:type\" content=\"image\/png\" \/>\n<meta name=\"twitter:card\" content=\"summary_large_image\" \/>\n<meta name=\"twitter:label1\" content=\"Dur\u00e9e de lecture estim\u00e9e\" \/>\n\t<meta name=\"twitter:data1\" content=\"1 minute\" \/>\n<script type=\"application\/ld+json\" class=\"yoast-schema-graph\">{\"@context\":\"https:\/\/schema.org\",\"@graph\":[{\"@type\":\"WebPage\",\"@id\":\"https:\/\/ecartes.orange.com\/ml\/produit\/e-carte-amazon-10e\/\",\"url\":\"https:\/\/ecartes.orange.com\/ml\/produit\/e-carte-amazon-10e\/\",\"name\":\"e-Carte Amazon 10\u20ac - e-cartes Fun\",\"isPartOf\":{\"@id\":\"https:\/\/ecartes.orange.com\/ml\/#website\"},\"datePublished\":\"2021-07-02T09:59:08+00:00\",\"dateModified\":\"2024-10-09T15:27:26+00:00\",\"description\":\"Rechargez votre compte Amazon.fr depuis le Mali avec Orange. Achetez cette carte Amazon 10\u20ac en CFA avec Orange Money\",\"breadcrumb\":{\"@id\":\"https:\/\/ecartes.orange.com\/ml\/produit\/e-carte-amazon-10e\/#breadcrumb\"},\"inLanguage\":\"fr-FR\",\"potentialAction\":[{\"@type\":\"ReadAction\",\"target\":[\"https:\/\/ecartes.orange.com\/ml\/produit\/e-carte-amazon-10e\/\"]}]},{\"@type\":\"BreadcrumbList\",\"@id\":\"https:\/\/ecartes.orange.com\/ml\/produit\/e-carte-amazon-10e\/#breadcrumb\",\"itemListElement\":[{\"@type\":\"ListItem\",\"position\":1,\"name\":\"Accueil\",\"item\":\"https:\/\/ecartes.orange.com\/ml\/\"},{\"@type\":\"ListItem\",\"position\":2,\"name\":\"e-Carte Amazon 10\u20ac\"}]},{\"@type\":\"WebSite\",\"@id\":\"https:\/\/ecartes.orange.com\/ml\/#website\",\"url\":\"https:\/\/ecartes.orange.com\/ml\/\",\"name\":\"e-cartes Fun\",\"description\":\"\",\"publisher\":{\"@id\":\"https:\/\/ecartes.orange.com\/ml\/#organization\"},\"potentialAction\":[{\"@type\":\"SearchAction\",\"target\":{\"@type\":\"EntryPoint\",\"urlTemplate\":\"https:\/\/ecartes.orange.com\/ml\/?s={search_term_string}\"},\"query-input\":\"required name=search_term_string\"}],\"inLanguage\":\"fr-FR\"},{\"@type\":\"Organization\",\"@id\":\"https:\/\/ecartes.orange.com\/ml\/#organization\",\"name\":\"Orange eCartes Fun\",\"url\":\"https:\/\/ecartes.orange.com\/ml\/\",\"sameAs\":[],\"logo\":{\"@type\":\"ImageObject\",\"inLanguage\":\"fr-FR\",\"@id\":\"https:\/\/ecartes.orange.com\/ml\/#\/schema\/logo\/image\/\",\"url\":\"https:\/\/ecartes.orange.com\/ml\/wp-content\/uploads\/Logo_Orange_RGB.png\",\"contentUrl\":\"https:\/\/ecartes.orange.com\/ml\/wp-content\/uploads\/Logo_Orange_RGB.png\",\"width\":2362,\"height\":2362,\"caption\":\"Orange eCartes Fun\"},\"image\":{\"@id\":\"https:\/\/ecartes.orange.com\/ml\/#\/schema\/logo\/image\/\"}}]}<\/script>\n<!-- \/ Yoast SEO plugin. -->","yoast_head_json":{"title":"e-Carte Amazon 10\u20ac - e-cartes Fun","description":"Rechargez votre compte Amazon.fr depuis le Mali avec Orange. Achetez cette carte Amazon 10\u20ac en CFA avec Orange Money","robots":{"index":"index","follow":"follow","max-snippet":"max-snippet:-1","max-image-preview":"max-image-preview:large","max-video-preview":"max-video-preview:-1"},"canonical":"https:\/\/ecartes.orange.com\/ml\/produit\/e-carte-amazon-10e\/","og_locale":"fr_FR","og_type":"article","og_title":"e-Carte Amazon 10\u20ac - e-cartes Fun","og_description":"Rechargez votre compte Amazon.fr depuis le Mali avec Orange. Achetez cette carte Amazon 10\u20ac en CFA avec Orange Money","og_url":"https:\/\/ecartes.orange.com\/ml\/produit\/e-carte-amazon-10e\/","og_site_name":"e-cartes Fun","article_modified_time":"2024-10-09T15:27:26+00:00","og_image":[{"width":1463,"height":897,"url":"https:\/\/ecartes.orange.com\/ml\/wp-content\/uploads\/2e08b174942aedae636fc743814caf0e8243207f.png","type":"image\/png"}],"twitter_card":"summary_large_image","twitter_misc":{"Dur\u00e9e de lecture estim\u00e9e":"1 minute"},"schema":{"@context":"https:\/\/schema.org","@graph":[{"@type":"WebPage","@id":"https:\/\/ecartes.orange.com\/ml\/produit\/e-carte-amazon-10e\/","url":"https:\/\/ecartes.orange.com\/ml\/produit\/e-carte-amazon-10e\/","name":"e-Carte Amazon 10\u20ac - e-cartes Fun","isPartOf":{"@id":"https:\/\/ecartes.orange.com\/ml\/#website"},"datePublished":"2021-07-02T09:59:08+00:00","dateModified":"2024-10-09T15:27:26+00:00","description":"Rechargez votre compte Amazon.fr depuis le Mali avec Orange. Achetez cette carte Amazon 10\u20ac en CFA avec Orange Money","breadcrumb":{"@id":"https:\/\/ecartes.orange.com\/ml\/produit\/e-carte-amazon-10e\/#breadcrumb"},"inLanguage":"fr-FR","potentialAction":[{"@type":"ReadAction","target":["https:\/\/ecartes.orange.com\/ml\/produit\/e-carte-amazon-10e\/"]}]},{"@type":"BreadcrumbList","@id":"https:\/\/ecartes.orange.com\/ml\/produit\/e-carte-amazon-10e\/#breadcrumb","itemListElement":[{"@type":"ListItem","position":1,"name":"Accueil","item":"https:\/\/ecartes.orange.com\/ml\/"},{"@type":"ListItem","position":2,"name":"e-Carte Amazon 10\u20ac"}]},{"@type":"WebSite","@id":"https:\/\/ecartes.orange.com\/ml\/#website","url":"https:\/\/ecartes.orange.com\/ml\/","name":"e-cartes Fun","description":"","publisher":{"@id":"https:\/\/ecartes.orange.com\/ml\/#organization"},"potentialAction":[{"@type":"SearchAction","target":{"@type":"EntryPoint","urlTemplate":"https:\/\/ecartes.orange.com\/ml\/?s={search_term_string}"},"query-input":"required name=search_term_string"}],"inLanguage":"fr-FR"},{"@type":"Organization","@id":"https:\/\/ecartes.orange.com\/ml\/#organization","name":"Orange eCartes Fun","url":"https:\/\/ecartes.orange.com\/ml\/","sameAs":[],"logo":{"@type":"ImageObject","inLanguage":"fr-FR","@id":"https:\/\/ecartes.orange.com\/ml\/#\/schema\/logo\/image\/","url":"https:\/\/ecartes.orange.com\/ml\/wp-content\/uploads\/Logo_Orange_RGB.png","contentUrl":"https:\/\/ecartes.orange.com\/ml\/wp-content\/uploads\/Logo_Orange_RGB.png","width":2362,"height":2362,"caption":"Orange eCartes Fun"},"image":{"@id":"https:\/\/ecartes.orange.com\/ml\/#\/schema\/logo\/image\/"}}]}},"_links":{"self":[{"href":"https:\/\/ecartes.orange.com\/ml\/wp-json\/wp\/v2\/product\/662"}],"collection":[{"href":"https:\/\/ecartes.orange.com\/ml\/wp-json\/wp\/v2\/product"}],"about":[{"href":"https:\/\/ecartes.orange.com\/ml\/wp-json\/wp\/v2\/types\/product"}],"replies":[{"embeddable":true,"href":"https:\/\/ecartes.orange.com\/ml\/wp-json\/wp\/v2\/comments?post=662"}],"wp:featuredmedia":[{"embeddable":true,"href":"https:\/\/ecartes.orange.com\/ml\/wp-json\/wp\/v2\/media\/235"}],"wp:attachment":[{"href":"https:\/\/ecartes.orange.com\/ml\/wp-json\/wp\/v2\/media?parent=662"}],"wp:term":[{"taxonomy":"product_cat","embeddable":true,"href":"https:\/\/ecartes.orange.com\/ml\/wp-json\/wp\/v2\/product_cat?post=662"},{"taxonomy":"product_tag","embeddable":true,"href":"https:\/\/ecartes.orange.com\/ml\/wp-json\/wp\/v2\/product_tag?post=662"}],"curies":[{"name":"wp","href":"https:\/\/api.w.org\/{rel}","templated":true}]}}