{"id":4520,"date":"2024-10-03T08:28:18","date_gmt":"2024-10-03T08:28:18","guid":{"rendered":"https:\/\/ecartes.orange.com\/ml\/?post_type=product&#038;p=4520"},"modified":"2025-07-10T10:20:40","modified_gmt":"2025-07-10T10:20:40","slug":"e-carte-apple-5-euros","status":"publish","type":"product","link":"https:\/\/ecartes.orange.com\/ml\/produit\/e-carte-apple-5-euros\/","title":{"rendered":"e-Carte Apple 5\u20ac"},"content":{"rendered":"<h1>e-Carte Apple 5\u20ac<\/h1>\n<p>Cette e-Carte Apple 5\u20ac vous permet de recharger votre compte iTunes et App Store France<\/p>\n<h2><strong>Informations importantes<\/strong><\/h2>\n<ol>\n<li>Cette e-Carte est valable uniquement pour des comptes Apple France, en euros.<\/li>\n<li>Cette e-Carte n&rsquo;est ni \u00e9changeable ni remboursable<\/li>\n<li>Offre soumise \u00e0 l&rsquo;int\u00e9gralit\u00e9 des <a href=\"https:\/\/www.apple.com\/fr\/legal\/internet-services\/itunes\/giftcards\/fr\/terms.html\"><strong>conditions g\u00e9n\u00e9rales d&rsquo;utilisation des cartes cadeaux Apple<\/strong><\/a><\/li>\n<\/ol>\n<h2><strong>Comment utiliser ma e-Carte Apple 5\u20ac ?<\/strong><\/h2>\n<ul>\n<li>\n<h4><strong>Sur un iPhone ou iPad<\/strong><\/h4>\n<\/li>\n<\/ul>\n<ol>\n<li>Une fois votre e-Carte Apple achet\u00e9e, vous recevrez le code unique de votre e-Carte Apple<\/li>\n<li>Ouvrez l\u2019app App Store.<\/li>\n<li>En haut de l\u2019\u00e9cran, touchez le\u00a0bouton de connexion\u00a0ou votre photo.<\/li>\n<li>Touchez Utiliser une carte cadeau ou un code. Si vous ne voyez pas le bouton Utiliser une carte cadeau ou un code, connectez-vous \u00e0 l\u2019aide de votre identifiant\u00a0Apple.<\/li>\n<li>Touchez Utiliser la cam\u00e9ra et suivez les instructions \u00e0 l\u2019\u00e9cran. Si vous rencontrez des difficult\u00e9s pour utiliser la carte, touchez \u00ab\u00a0Saisir le code manuellement\u00a0\u00bb, puis suivez les instructions \u00e0 l\u2019\u00e9cran.<\/li>\n<li>Touchez Utiliser.<\/li>\n<\/ol>\n<ul>\n<li>\n<h4><strong>Sur un MAC<\/strong><\/h4>\n<ol>\n<li>Une fois votre e-Carte Apple achet\u00e9e, vous recevrez le code unique de votre e-Carte Apple<\/li>\n<li>Sur votre Mac, ouvrez l\u2019App\u00a0Store.<\/li>\n<li>Cliquez sur votre nom ou sur le bouton de connexion dans la barre lat\u00e9rale.<\/li>\n<li>Cliquez sur Utiliser une carte cadeau. Vous devrez peut-\u00eatre vous connecter \u00e0 l\u2019aide de votre identifiant\u00a0Apple.<\/li>\n<li>Saisissez votre code manuellement ou \u00e0 l\u2019aide de la cam\u00e9ra<\/li>\n<\/ol>\n<\/li>\n<\/ul>\n<ul>\n<li>\n<h4><strong>Sur un PC\/Windows<\/strong><\/h4>\n<\/li>\n<\/ul>\n<ol>\n<li>Une fois votre e-Carte Apple achet\u00e9e, vous recevrez le code unique de votre e-Carte Apple<\/li>\n<li>Ouvrez l\u2019app\u00a0Musique ou l\u2019app\u00a0Apple\u00a0TV.<\/li>\n<li>Cliquez sur votre nom en bas de la barre lat\u00e9rale, puis sur \u00ab\u00a0Utiliser un code\u00a0\u00bb. Vous devrez peut-\u00eatre commencer par vous connecter \u00e0 l\u2019aide de votre identifiant\u00a0Apple.<\/li>\n<li>Suivez les instructions \u00e0 l\u2019\u00e9cran, puis cliquez sur \u00ab\u00a0Utiliser le code\u00a0\u00bb.<\/li>\n<\/ol>\n<p>&nbsp;<\/p>\n","protected":false},"excerpt":{"rendered":"<p>e-Carte Apple 5\u20ac Cette e-Carte Apple 5\u20ac vous permet de recharger votre compte iTunes et App Store France Informations importantes Cette e-Carte est valable uniquement pour des comptes Apple France, en euros. Cette e-Carte n&rsquo;est ni \u00e9changeable ni remboursable Offre soumise \u00e0 l&rsquo;int\u00e9gralit\u00e9 des conditions g\u00e9n\u00e9rales d&rsquo;utilisation des cartes cadeaux Apple Comment utiliser ma e-Carte [&hellip;]<\/p>\n","protected":false},"featured_media":4521,"comment_status":"open","ping_status":"closed","template":"","meta":[],"product_cat":[42,79],"product_tag":[82,80,83,81,84,24],"yoast_head":"<!-- This site is optimized with the Yoast SEO plugin v19.8 - https:\/\/yoast.com\/wordpress\/plugins\/seo\/ -->\n<title>e-Carte Apple 5\u20ac - e-cartes Fun<\/title>\n<meta name=\"description\" content=\"Rechargez votre compte Apple depuis le Mali et avec Orange Money avec cette e-Carte Apple\" \/>\n<meta name=\"robots\" content=\"index, follow, max-snippet:-1, max-image-preview:large, max-video-preview:-1\" \/>\n<link rel=\"canonical\" href=\"https:\/\/ecartes.orange.com\/ml\/produit\/e-carte-apple-5-euros\/\" \/>\n<meta property=\"og:locale\" content=\"fr_FR\" \/>\n<meta property=\"og:type\" content=\"article\" \/>\n<meta property=\"og:title\" content=\"e-Carte Apple 5\u20ac - e-cartes Fun\" \/>\n<meta property=\"og:description\" content=\"Rechargez votre compte Apple depuis le Mali et avec Orange Money avec cette e-Carte Apple\" \/>\n<meta property=\"og:url\" content=\"https:\/\/ecartes.orange.com\/ml\/produit\/e-carte-apple-5-euros\/\" \/>\n<meta property=\"og:site_name\" content=\"e-cartes Fun\" \/>\n<meta property=\"article:modified_time\" content=\"2025-07-10T10:20:40+00:00\" \/>\n<meta property=\"og:image\" content=\"https:\/\/ecartes.orange.com\/ml\/wp-content\/uploads\/apple.png\" \/>\n\t<meta property=\"og:image:width\" content=\"492\" \/>\n\t<meta property=\"og:image:height\" content=\"227\" \/>\n\t<meta property=\"og:image:type\" content=\"image\/png\" \/>\n<meta name=\"twitter:card\" content=\"summary_large_image\" \/>\n<meta name=\"twitter:label1\" content=\"Dur\u00e9e de lecture estim\u00e9e\" \/>\n\t<meta name=\"twitter:data1\" content=\"2 minutes\" \/>\n<script type=\"application\/ld+json\" class=\"yoast-schema-graph\">{\"@context\":\"https:\/\/schema.org\",\"@graph\":[{\"@type\":\"WebPage\",\"@id\":\"https:\/\/ecartes.orange.com\/ml\/produit\/e-carte-apple-5-euros\/\",\"url\":\"https:\/\/ecartes.orange.com\/ml\/produit\/e-carte-apple-5-euros\/\",\"name\":\"e-Carte Apple 5\u20ac - e-cartes Fun\",\"isPartOf\":{\"@id\":\"https:\/\/ecartes.orange.com\/ml\/#website\"},\"datePublished\":\"2024-10-03T08:28:18+00:00\",\"dateModified\":\"2025-07-10T10:20:40+00:00\",\"description\":\"Rechargez votre compte Apple depuis le Mali et avec Orange Money avec cette e-Carte Apple\",\"breadcrumb\":{\"@id\":\"https:\/\/ecartes.orange.com\/ml\/produit\/e-carte-apple-5-euros\/#breadcrumb\"},\"inLanguage\":\"fr-FR\",\"potentialAction\":[{\"@type\":\"ReadAction\",\"target\":[\"https:\/\/ecartes.orange.com\/ml\/produit\/e-carte-apple-5-euros\/\"]}]},{\"@type\":\"BreadcrumbList\",\"@id\":\"https:\/\/ecartes.orange.com\/ml\/produit\/e-carte-apple-5-euros\/#breadcrumb\",\"itemListElement\":[{\"@type\":\"ListItem\",\"position\":1,\"name\":\"Accueil\",\"item\":\"https:\/\/ecartes.orange.com\/ml\/\"},{\"@type\":\"ListItem\",\"position\":2,\"name\":\"e-Carte Apple 5\u20ac\"}]},{\"@type\":\"WebSite\",\"@id\":\"https:\/\/ecartes.orange.com\/ml\/#website\",\"url\":\"https:\/\/ecartes.orange.com\/ml\/\",\"name\":\"e-cartes Fun\",\"description\":\"\",\"publisher\":{\"@id\":\"https:\/\/ecartes.orange.com\/ml\/#organization\"},\"potentialAction\":[{\"@type\":\"SearchAction\",\"target\":{\"@type\":\"EntryPoint\",\"urlTemplate\":\"https:\/\/ecartes.orange.com\/ml\/?s={search_term_string}\"},\"query-input\":\"required name=search_term_string\"}],\"inLanguage\":\"fr-FR\"},{\"@type\":\"Organization\",\"@id\":\"https:\/\/ecartes.orange.com\/ml\/#organization\",\"name\":\"Orange eCartes Fun\",\"url\":\"https:\/\/ecartes.orange.com\/ml\/\",\"sameAs\":[],\"logo\":{\"@type\":\"ImageObject\",\"inLanguage\":\"fr-FR\",\"@id\":\"https:\/\/ecartes.orange.com\/ml\/#\/schema\/logo\/image\/\",\"url\":\"https:\/\/ecartes.orange.com\/ml\/wp-content\/uploads\/Logo_Orange_RGB.png\",\"contentUrl\":\"https:\/\/ecartes.orange.com\/ml\/wp-content\/uploads\/Logo_Orange_RGB.png\",\"width\":2362,\"height\":2362,\"caption\":\"Orange eCartes Fun\"},\"image\":{\"@id\":\"https:\/\/ecartes.orange.com\/ml\/#\/schema\/logo\/image\/\"}}]}<\/script>\n<!-- \/ Yoast SEO plugin. -->","yoast_head_json":{"title":"e-Carte Apple 5\u20ac - e-cartes Fun","description":"Rechargez votre compte Apple depuis le Mali et avec Orange Money avec cette e-Carte Apple","robots":{"index":"index","follow":"follow","max-snippet":"max-snippet:-1","max-image-preview":"max-image-preview:large","max-video-preview":"max-video-preview:-1"},"canonical":"https:\/\/ecartes.orange.com\/ml\/produit\/e-carte-apple-5-euros\/","og_locale":"fr_FR","og_type":"article","og_title":"e-Carte Apple 5\u20ac - e-cartes Fun","og_description":"Rechargez votre compte Apple depuis le Mali et avec Orange Money avec cette e-Carte Apple","og_url":"https:\/\/ecartes.orange.com\/ml\/produit\/e-carte-apple-5-euros\/","og_site_name":"e-cartes Fun","article_modified_time":"2025-07-10T10:20:40+00:00","og_image":[{"width":492,"height":227,"url":"https:\/\/ecartes.orange.com\/ml\/wp-content\/uploads\/apple.png","type":"image\/png"}],"twitter_card":"summary_large_image","twitter_misc":{"Dur\u00e9e de lecture estim\u00e9e":"2 minutes"},"schema":{"@context":"https:\/\/schema.org","@graph":[{"@type":"WebPage","@id":"https:\/\/ecartes.orange.com\/ml\/produit\/e-carte-apple-5-euros\/","url":"https:\/\/ecartes.orange.com\/ml\/produit\/e-carte-apple-5-euros\/","name":"e-Carte Apple 5\u20ac - e-cartes Fun","isPartOf":{"@id":"https:\/\/ecartes.orange.com\/ml\/#website"},"datePublished":"2024-10-03T08:28:18+00:00","dateModified":"2025-07-10T10:20:40+00:00","description":"Rechargez votre compte Apple depuis le Mali et avec Orange Money avec cette e-Carte Apple","breadcrumb":{"@id":"https:\/\/ecartes.orange.com\/ml\/produit\/e-carte-apple-5-euros\/#breadcrumb"},"inLanguage":"fr-FR","potentialAction":[{"@type":"ReadAction","target":["https:\/\/ecartes.orange.com\/ml\/produit\/e-carte-apple-5-euros\/"]}]},{"@type":"BreadcrumbList","@id":"https:\/\/ecartes.orange.com\/ml\/produit\/e-carte-apple-5-euros\/#breadcrumb","itemListElement":[{"@type":"ListItem","position":1,"name":"Accueil","item":"https:\/\/ecartes.orange.com\/ml\/"},{"@type":"ListItem","position":2,"name":"e-Carte Apple 5\u20ac"}]},{"@type":"WebSite","@id":"https:\/\/ecartes.orange.com\/ml\/#website","url":"https:\/\/ecartes.orange.com\/ml\/","name":"e-cartes Fun","description":"","publisher":{"@id":"https:\/\/ecartes.orange.com\/ml\/#organization"},"potentialAction":[{"@type":"SearchAction","target":{"@type":"EntryPoint","urlTemplate":"https:\/\/ecartes.orange.com\/ml\/?s={search_term_string}"},"query-input":"required name=search_term_string"}],"inLanguage":"fr-FR"},{"@type":"Organization","@id":"https:\/\/ecartes.orange.com\/ml\/#organization","name":"Orange eCartes Fun","url":"https:\/\/ecartes.orange.com\/ml\/","sameAs":[],"logo":{"@type":"ImageObject","inLanguage":"fr-FR","@id":"https:\/\/ecartes.orange.com\/ml\/#\/schema\/logo\/image\/","url":"https:\/\/ecartes.orange.com\/ml\/wp-content\/uploads\/Logo_Orange_RGB.png","contentUrl":"https:\/\/ecartes.orange.com\/ml\/wp-content\/uploads\/Logo_Orange_RGB.png","width":2362,"height":2362,"caption":"Orange eCartes Fun"},"image":{"@id":"https:\/\/ecartes.orange.com\/ml\/#\/schema\/logo\/image\/"}}]}},"_links":{"self":[{"href":"https:\/\/ecartes.orange.com\/ml\/wp-json\/wp\/v2\/product\/4520"}],"collection":[{"href":"https:\/\/ecartes.orange.com\/ml\/wp-json\/wp\/v2\/product"}],"about":[{"href":"https:\/\/ecartes.orange.com\/ml\/wp-json\/wp\/v2\/types\/product"}],"replies":[{"embeddable":true,"href":"https:\/\/ecartes.orange.com\/ml\/wp-json\/wp\/v2\/comments?post=4520"}],"wp:featuredmedia":[{"embeddable":true,"href":"https:\/\/ecartes.orange.com\/ml\/wp-json\/wp\/v2\/media\/4521"}],"wp:attachment":[{"href":"https:\/\/ecartes.orange.com\/ml\/wp-json\/wp\/v2\/media?parent=4520"}],"wp:term":[{"taxonomy":"product_cat","embeddable":true,"href":"https:\/\/ecartes.orange.com\/ml\/wp-json\/wp\/v2\/product_cat?post=4520"},{"taxonomy":"product_tag","embeddable":true,"href":"https:\/\/ecartes.orange.com\/ml\/wp-json\/wp\/v2\/product_tag?post=4520"}],"curies":[{"name":"wp","href":"https:\/\/api.w.org\/{rel}","templated":true}]}}