{"id":1167,"date":"2022-06-02T08:21:31","date_gmt":"2022-06-02T08:21:31","guid":{"rendered":"https:\/\/ecartes.orange.com\/ml\/?post_type=product&#038;p=1167"},"modified":"2025-05-28T16:22:17","modified_gmt":"2025-05-28T16:22:17","slug":"e-carte-pubg-60-uc","status":"publish","type":"product","link":"https:\/\/ecartes.orange.com\/ml\/produit\/e-carte-pubg-60-uc\/","title":{"rendered":"e-Carte PUBG 60 UC"},"content":{"rendered":"<h1>e-Carte PUBG 60 UC<\/h1>\n<p>&nbsp;<\/p>\n<p>Vous \u00eates sur le point de faire le plein de PUBG UC. Avec des UC, vous pouvez obtenir des r\u00e9compenses Elite Royale Pass et Elite Plus Royale Pass, acheter des skins cool, d\u00e9bloquer de nouveaux personnages et bien plus encore. Avec Codashop, le rechargement est facile, s\u00fbr et pratique. Des millions de joueurs du monde entier nous font confiance. Aucune inscription ou connexion n&rsquo;est requise !<\/p>\n<p>&nbsp;<\/p>\n<p>Le jeu officiel de PLAYERUNKNOWN&rsquo;S BATTLEGROUNDS est con\u00e7u exclusivement pour les mobiles. Jouez gratuitement partout et \u00e0 tout moment. PUBG MOBILE propose l&rsquo;action free-to-play la plus intense sur mobile. Entrez dans le jeu, \u00e9quipez-vous et jouez. Survivez \u00e0 des batailles \u00e9piques \u00e0 100 joueurs et passez rapidement \u00e0 travers les modes 4v4 team deathmatch et zombie. Le dernier debout gagne. Soyez le premier !<\/p>\n<p>&nbsp;<\/p>\n<h2><\/h2>\n<h2><\/h2>\n<h2><strong>Informations importantes<\/strong><\/h2>\n<ul>\n<li>Cette e-Carte est valable uniquement sur PUBG.<\/li>\n<li>Cette e-Carte n&rsquo;est ni \u00e9changeable ni remboursable.<\/li>\n<li>Offre soumise \u00e0 l&rsquo;int\u00e9gralit\u00e9 des conditions d&rsquo;utilisation disponibles sur le store <a href=\"https:\/\/www.midasbuy.com\/midasbuy\/ot\/redeem\/pubgm\">Midasbuy.<\/a><\/li>\n<\/ul>\n<h2><strong>Comment utiliser ma carte PUBG 60 UC ?<\/strong><\/h2>\n<p>Suivez simplement les \u00e9tapes ci-dessous, et les UC seront ajout\u00e9s \u00e0 votre compte en quelques secondes.<\/p>\n<ol>\n<li>Cliquez\u00a0<a href=\"https:\/\/www.midasbuy.com\/midasbuy\/ot\/redeem\/pubgm\">ici<\/a> pour utiliser votre bon d&rsquo;achat PUBG UC (choisir la r\u00e9gion USA si n\u00e9cessaire)<\/li>\n<li>Saisissez votre identifiant de joueur<\/li>\n<li>Saisissez le code de la carte et rentez le dans l&rsquo;espace pr\u00e9vu.<\/li>\n<\/ol>\n<p>Une fois termin\u00e9, les UC sont automatiquement ajout\u00e9s \u00e0 votre compte PUBG Mobile.<\/p>\n","protected":false},"excerpt":{"rendered":"<p>e-Carte PUBG 60 UC &nbsp; Vous \u00eates sur le point de faire le plein de PUBG UC. Avec des UC, vous pouvez obtenir des r\u00e9compenses Elite Royale Pass et Elite Plus Royale Pass, acheter des skins cool, d\u00e9bloquer de nouveaux personnages et bien plus encore. Avec Codashop, le rechargement est facile, s\u00fbr et pratique. Des [&hellip;]<\/p>\n","protected":false},"featured_media":1065,"comment_status":"open","ping_status":"closed","template":"","meta":[],"product_cat":[66,40],"product_tag":[71,72,70,60,67],"yoast_head":"<!-- This site is optimized with the Yoast SEO plugin v19.8 - https:\/\/yoast.com\/wordpress\/plugins\/seo\/ -->\n<title>e-Carte PUBG 60 UC - e-cartes Fun<\/title>\n<meta name=\"description\" content=\"Rechargez votre compte PUBG depuis le Mali et avec Orange Money avec cette e-Carte Playstation\" \/>\n<meta name=\"robots\" content=\"index, follow, max-snippet:-1, max-image-preview:large, max-video-preview:-1\" \/>\n<link rel=\"canonical\" href=\"https:\/\/ecartes.orange.com\/ml\/produit\/e-carte-pubg-60-uc\/\" \/>\n<meta property=\"og:locale\" content=\"fr_FR\" \/>\n<meta property=\"og:type\" content=\"article\" \/>\n<meta property=\"og:title\" content=\"e-Carte PUBG 60 UC - e-cartes Fun\" \/>\n<meta property=\"og:description\" content=\"Rechargez votre compte PUBG depuis le Mali et avec Orange Money avec cette e-Carte Playstation\" \/>\n<meta property=\"og:url\" content=\"https:\/\/ecartes.orange.com\/ml\/produit\/e-carte-pubg-60-uc\/\" \/>\n<meta property=\"og:site_name\" content=\"e-cartes Fun\" \/>\n<meta property=\"article:modified_time\" content=\"2025-05-28T16:22:17+00:00\" \/>\n<meta property=\"og:image\" content=\"https:\/\/ecartes.orange.com\/ml\/wp-content\/uploads\/PUBG-Logo.png\" \/>\n\t<meta property=\"og:image:width\" content=\"420\" \/>\n\t<meta property=\"og:image:height\" content=\"320\" \/>\n\t<meta property=\"og:image:type\" content=\"image\/png\" \/>\n<meta name=\"twitter:card\" content=\"summary_large_image\" \/>\n<meta name=\"twitter:label1\" content=\"Dur\u00e9e de lecture estim\u00e9e\" \/>\n\t<meta name=\"twitter:data1\" content=\"2 minutes\" \/>\n<script type=\"application\/ld+json\" class=\"yoast-schema-graph\">{\"@context\":\"https:\/\/schema.org\",\"@graph\":[{\"@type\":\"WebPage\",\"@id\":\"https:\/\/ecartes.orange.com\/ml\/produit\/e-carte-pubg-60-uc\/\",\"url\":\"https:\/\/ecartes.orange.com\/ml\/produit\/e-carte-pubg-60-uc\/\",\"name\":\"e-Carte PUBG 60 UC - e-cartes Fun\",\"isPartOf\":{\"@id\":\"https:\/\/ecartes.orange.com\/ml\/#website\"},\"datePublished\":\"2022-06-02T08:21:31+00:00\",\"dateModified\":\"2025-05-28T16:22:17+00:00\",\"description\":\"Rechargez votre compte PUBG depuis le Mali et avec Orange Money avec cette e-Carte Playstation\",\"breadcrumb\":{\"@id\":\"https:\/\/ecartes.orange.com\/ml\/produit\/e-carte-pubg-60-uc\/#breadcrumb\"},\"inLanguage\":\"fr-FR\",\"potentialAction\":[{\"@type\":\"ReadAction\",\"target\":[\"https:\/\/ecartes.orange.com\/ml\/produit\/e-carte-pubg-60-uc\/\"]}]},{\"@type\":\"BreadcrumbList\",\"@id\":\"https:\/\/ecartes.orange.com\/ml\/produit\/e-carte-pubg-60-uc\/#breadcrumb\",\"itemListElement\":[{\"@type\":\"ListItem\",\"position\":1,\"name\":\"Accueil\",\"item\":\"https:\/\/ecartes.orange.com\/ml\/\"},{\"@type\":\"ListItem\",\"position\":2,\"name\":\"e-Carte PUBG 60 UC\"}]},{\"@type\":\"WebSite\",\"@id\":\"https:\/\/ecartes.orange.com\/ml\/#website\",\"url\":\"https:\/\/ecartes.orange.com\/ml\/\",\"name\":\"e-cartes Fun\",\"description\":\"\",\"publisher\":{\"@id\":\"https:\/\/ecartes.orange.com\/ml\/#organization\"},\"potentialAction\":[{\"@type\":\"SearchAction\",\"target\":{\"@type\":\"EntryPoint\",\"urlTemplate\":\"https:\/\/ecartes.orange.com\/ml\/?s={search_term_string}\"},\"query-input\":\"required name=search_term_string\"}],\"inLanguage\":\"fr-FR\"},{\"@type\":\"Organization\",\"@id\":\"https:\/\/ecartes.orange.com\/ml\/#organization\",\"name\":\"Orange eCartes Fun\",\"url\":\"https:\/\/ecartes.orange.com\/ml\/\",\"sameAs\":[],\"logo\":{\"@type\":\"ImageObject\",\"inLanguage\":\"fr-FR\",\"@id\":\"https:\/\/ecartes.orange.com\/ml\/#\/schema\/logo\/image\/\",\"url\":\"https:\/\/ecartes.orange.com\/ml\/wp-content\/uploads\/Logo_Orange_RGB.png\",\"contentUrl\":\"https:\/\/ecartes.orange.com\/ml\/wp-content\/uploads\/Logo_Orange_RGB.png\",\"width\":2362,\"height\":2362,\"caption\":\"Orange eCartes Fun\"},\"image\":{\"@id\":\"https:\/\/ecartes.orange.com\/ml\/#\/schema\/logo\/image\/\"}}]}<\/script>\n<!-- \/ Yoast SEO plugin. -->","yoast_head_json":{"title":"e-Carte PUBG 60 UC - e-cartes Fun","description":"Rechargez votre compte PUBG depuis le Mali et avec Orange Money avec cette e-Carte Playstation","robots":{"index":"index","follow":"follow","max-snippet":"max-snippet:-1","max-image-preview":"max-image-preview:large","max-video-preview":"max-video-preview:-1"},"canonical":"https:\/\/ecartes.orange.com\/ml\/produit\/e-carte-pubg-60-uc\/","og_locale":"fr_FR","og_type":"article","og_title":"e-Carte PUBG 60 UC - e-cartes Fun","og_description":"Rechargez votre compte PUBG depuis le Mali et avec Orange Money avec cette e-Carte Playstation","og_url":"https:\/\/ecartes.orange.com\/ml\/produit\/e-carte-pubg-60-uc\/","og_site_name":"e-cartes Fun","article_modified_time":"2025-05-28T16:22:17+00:00","og_image":[{"width":420,"height":320,"url":"https:\/\/ecartes.orange.com\/ml\/wp-content\/uploads\/PUBG-Logo.png","type":"image\/png"}],"twitter_card":"summary_large_image","twitter_misc":{"Dur\u00e9e de lecture estim\u00e9e":"2 minutes"},"schema":{"@context":"https:\/\/schema.org","@graph":[{"@type":"WebPage","@id":"https:\/\/ecartes.orange.com\/ml\/produit\/e-carte-pubg-60-uc\/","url":"https:\/\/ecartes.orange.com\/ml\/produit\/e-carte-pubg-60-uc\/","name":"e-Carte PUBG 60 UC - e-cartes Fun","isPartOf":{"@id":"https:\/\/ecartes.orange.com\/ml\/#website"},"datePublished":"2022-06-02T08:21:31+00:00","dateModified":"2025-05-28T16:22:17+00:00","description":"Rechargez votre compte PUBG depuis le Mali et avec Orange Money avec cette e-Carte Playstation","breadcrumb":{"@id":"https:\/\/ecartes.orange.com\/ml\/produit\/e-carte-pubg-60-uc\/#breadcrumb"},"inLanguage":"fr-FR","potentialAction":[{"@type":"ReadAction","target":["https:\/\/ecartes.orange.com\/ml\/produit\/e-carte-pubg-60-uc\/"]}]},{"@type":"BreadcrumbList","@id":"https:\/\/ecartes.orange.com\/ml\/produit\/e-carte-pubg-60-uc\/#breadcrumb","itemListElement":[{"@type":"ListItem","position":1,"name":"Accueil","item":"https:\/\/ecartes.orange.com\/ml\/"},{"@type":"ListItem","position":2,"name":"e-Carte PUBG 60 UC"}]},{"@type":"WebSite","@id":"https:\/\/ecartes.orange.com\/ml\/#website","url":"https:\/\/ecartes.orange.com\/ml\/","name":"e-cartes Fun","description":"","publisher":{"@id":"https:\/\/ecartes.orange.com\/ml\/#organization"},"potentialAction":[{"@type":"SearchAction","target":{"@type":"EntryPoint","urlTemplate":"https:\/\/ecartes.orange.com\/ml\/?s={search_term_string}"},"query-input":"required name=search_term_string"}],"inLanguage":"fr-FR"},{"@type":"Organization","@id":"https:\/\/ecartes.orange.com\/ml\/#organization","name":"Orange eCartes Fun","url":"https:\/\/ecartes.orange.com\/ml\/","sameAs":[],"logo":{"@type":"ImageObject","inLanguage":"fr-FR","@id":"https:\/\/ecartes.orange.com\/ml\/#\/schema\/logo\/image\/","url":"https:\/\/ecartes.orange.com\/ml\/wp-content\/uploads\/Logo_Orange_RGB.png","contentUrl":"https:\/\/ecartes.orange.com\/ml\/wp-content\/uploads\/Logo_Orange_RGB.png","width":2362,"height":2362,"caption":"Orange eCartes Fun"},"image":{"@id":"https:\/\/ecartes.orange.com\/ml\/#\/schema\/logo\/image\/"}}]}},"_links":{"self":[{"href":"https:\/\/ecartes.orange.com\/ml\/wp-json\/wp\/v2\/product\/1167"}],"collection":[{"href":"https:\/\/ecartes.orange.com\/ml\/wp-json\/wp\/v2\/product"}],"about":[{"href":"https:\/\/ecartes.orange.com\/ml\/wp-json\/wp\/v2\/types\/product"}],"replies":[{"embeddable":true,"href":"https:\/\/ecartes.orange.com\/ml\/wp-json\/wp\/v2\/comments?post=1167"}],"wp:featuredmedia":[{"embeddable":true,"href":"https:\/\/ecartes.orange.com\/ml\/wp-json\/wp\/v2\/media\/1065"}],"wp:attachment":[{"href":"https:\/\/ecartes.orange.com\/ml\/wp-json\/wp\/v2\/media?parent=1167"}],"wp:term":[{"taxonomy":"product_cat","embeddable":true,"href":"https:\/\/ecartes.orange.com\/ml\/wp-json\/wp\/v2\/product_cat?post=1167"},{"taxonomy":"product_tag","embeddable":true,"href":"https:\/\/ecartes.orange.com\/ml\/wp-json\/wp\/v2\/product_tag?post=1167"}],"curies":[{"name":"wp","href":"https:\/\/api.w.org\/{rel}","templated":true}]}}