{"id":1049,"date":"2022-03-11T16:26:55","date_gmt":"2022-03-11T16:26:55","guid":{"rendered":"https:\/\/ecartes.orange.com\/ml\/?post_type=product&#038;p=1049"},"modified":"2025-07-02T15:49:24","modified_gmt":"2025-07-02T15:49:24","slug":"fortnite-1000-v-bucks","status":"publish","type":"product","link":"https:\/\/ecartes.orange.com\/ml\/produit\/fortnite-1000-v-bucks\/","title":{"rendered":"e-Carte Fortnite 1000 V-Bucks"},"content":{"rendered":"<h1>e-Carte Fortnite 1000 V-Bucks<\/h1>\n<p>&nbsp;<\/p>\n<p>Vous souhaitez obtenir du contenu suppl\u00e9mentaire dans le jeu, acheter un planeur, une pioche, un h\u00e9ros, une danse ? Utilisez des e-cartes de jeu Fortnite pour acheter des V-Bucks, la monnaie virtuelle de Fortnite pour rentrer dans une tout autre dimension et profiter d&rsquo;une exp\u00e9rience de jeu encore plus pouss\u00e9e.<\/p>\n<h2><\/h2>\n<h2><\/h2>\n<h2><strong>Informations importantes<\/strong><\/h2>\n<ul>\n<li>Cette e-Carte est valable uniquement sur Fortnite, sur un compte Epic Games.<\/li>\n<li>Cette e-Carte n&rsquo;est ni \u00e9changeable ni remboursable.<\/li>\n<li>Offre soumise \u00e0 l&rsquo;int\u00e9gralit\u00e9 des conditions d&rsquo;utilisation disponibles sur l&rsquo;<a href=\"https:\/\/www.epicgames.com\/fortnite\/fr\/vbuckscard\">Epic Games Store<\/a>.<\/li>\n<\/ul>\n<p>&nbsp;<\/p>\n<p><strong style=\"font-size: 2em;\">Comment utiliser ma e-Carte Fortnite 1000 V-Bucks ?<\/strong><\/p>\n<ul>\n<li>Une fois votre e-Carte Fortnite achet\u00e9e sur l&rsquo;espace e-Carte Fun, nous vous envoyons par email le code unique de votre e-Carte Fortnite.<\/li>\n<li>Rendez-vous sur l&rsquo;Epic Games Store et connectez-vous \u00e0 votre compte Epic Games.<\/li>\n<li>Rendez-vous ensuite sur <a href=\"http:\/\/www.epicgames.com\/\">Epic Games<\/a> dans la rubrique V-Bucks.<\/li>\n<li>Suivez les instructions et rentrez le code unique dans l&rsquo;espace pr\u00e9vu.<\/li>\n<li>Votre compte Epic Games est alors cr\u00e9dit\u00e9 du montant de la e-Carte en V-Bucks.<\/li>\n<\/ul>\n","protected":false},"excerpt":{"rendered":"<p>e-Carte Fortnite 1000 V-Bucks &nbsp; Vous souhaitez obtenir du contenu suppl\u00e9mentaire dans le jeu, acheter un planeur, une pioche, un h\u00e9ros, une danse ? Utilisez des e-cartes de jeu Fortnite pour acheter des V-Bucks, la monnaie virtuelle de Fortnite pour rentrer dans une tout autre dimension et profiter d&rsquo;une exp\u00e9rience de jeu encore plus pouss\u00e9e. [&hellip;]<\/p>\n","protected":false},"featured_media":964,"comment_status":"open","ping_status":"closed","template":"","meta":[],"product_cat":[62],"product_tag":[60],"yoast_head":"<!-- This site is optimized with the Yoast SEO plugin v19.8 - https:\/\/yoast.com\/wordpress\/plugins\/seo\/ -->\n<title>e-Carte Fortnite 1000 V-Bucks - e-cartes Fun<\/title>\n<meta name=\"description\" content=\"Rechargez votre compte Fortnite depuis le Mali et avec Orange Money avec cette e-Carte Playstation\" \/>\n<meta name=\"robots\" content=\"index, follow, max-snippet:-1, max-image-preview:large, max-video-preview:-1\" \/>\n<link rel=\"canonical\" href=\"https:\/\/ecartes.orange.com\/ml\/produit\/fortnite-1000-v-bucks\/\" \/>\n<meta property=\"og:locale\" content=\"fr_FR\" \/>\n<meta property=\"og:type\" content=\"article\" \/>\n<meta property=\"og:title\" content=\"e-Carte Fortnite 1000 V-Bucks - e-cartes Fun\" \/>\n<meta property=\"og:description\" content=\"Rechargez votre compte Fortnite depuis le Mali et avec Orange Money avec cette e-Carte Playstation\" \/>\n<meta property=\"og:url\" content=\"https:\/\/ecartes.orange.com\/ml\/produit\/fortnite-1000-v-bucks\/\" \/>\n<meta property=\"og:site_name\" content=\"e-cartes Fun\" \/>\n<meta property=\"article:modified_time\" content=\"2025-07-02T15:49:24+00:00\" \/>\n<meta property=\"og:image\" content=\"https:\/\/ecartes.orange.com\/ml\/wp-content\/uploads\/fortniteh-1.jpg\" \/>\n\t<meta property=\"og:image:width\" content=\"800\" \/>\n\t<meta property=\"og:image:height\" content=\"800\" \/>\n\t<meta property=\"og:image:type\" content=\"image\/jpeg\" \/>\n<meta name=\"twitter:card\" content=\"summary_large_image\" \/>\n<meta name=\"twitter:label1\" content=\"Dur\u00e9e de lecture estim\u00e9e\" \/>\n\t<meta name=\"twitter:data1\" content=\"1 minute\" \/>\n<script type=\"application\/ld+json\" class=\"yoast-schema-graph\">{\"@context\":\"https:\/\/schema.org\",\"@graph\":[{\"@type\":\"WebPage\",\"@id\":\"https:\/\/ecartes.orange.com\/ml\/produit\/fortnite-1000-v-bucks\/\",\"url\":\"https:\/\/ecartes.orange.com\/ml\/produit\/fortnite-1000-v-bucks\/\",\"name\":\"e-Carte Fortnite 1000 V-Bucks - e-cartes Fun\",\"isPartOf\":{\"@id\":\"https:\/\/ecartes.orange.com\/ml\/#website\"},\"datePublished\":\"2022-03-11T16:26:55+00:00\",\"dateModified\":\"2025-07-02T15:49:24+00:00\",\"description\":\"Rechargez votre compte Fortnite depuis le Mali et avec Orange Money avec cette e-Carte Playstation\",\"breadcrumb\":{\"@id\":\"https:\/\/ecartes.orange.com\/ml\/produit\/fortnite-1000-v-bucks\/#breadcrumb\"},\"inLanguage\":\"fr-FR\",\"potentialAction\":[{\"@type\":\"ReadAction\",\"target\":[\"https:\/\/ecartes.orange.com\/ml\/produit\/fortnite-1000-v-bucks\/\"]}]},{\"@type\":\"BreadcrumbList\",\"@id\":\"https:\/\/ecartes.orange.com\/ml\/produit\/fortnite-1000-v-bucks\/#breadcrumb\",\"itemListElement\":[{\"@type\":\"ListItem\",\"position\":1,\"name\":\"Accueil\",\"item\":\"https:\/\/ecartes.orange.com\/ml\/\"},{\"@type\":\"ListItem\",\"position\":2,\"name\":\"e-Carte Fortnite 1000 V-Bucks\"}]},{\"@type\":\"WebSite\",\"@id\":\"https:\/\/ecartes.orange.com\/ml\/#website\",\"url\":\"https:\/\/ecartes.orange.com\/ml\/\",\"name\":\"e-cartes Fun\",\"description\":\"\",\"publisher\":{\"@id\":\"https:\/\/ecartes.orange.com\/ml\/#organization\"},\"potentialAction\":[{\"@type\":\"SearchAction\",\"target\":{\"@type\":\"EntryPoint\",\"urlTemplate\":\"https:\/\/ecartes.orange.com\/ml\/?s={search_term_string}\"},\"query-input\":\"required name=search_term_string\"}],\"inLanguage\":\"fr-FR\"},{\"@type\":\"Organization\",\"@id\":\"https:\/\/ecartes.orange.com\/ml\/#organization\",\"name\":\"Orange eCartes Fun\",\"url\":\"https:\/\/ecartes.orange.com\/ml\/\",\"sameAs\":[],\"logo\":{\"@type\":\"ImageObject\",\"inLanguage\":\"fr-FR\",\"@id\":\"https:\/\/ecartes.orange.com\/ml\/#\/schema\/logo\/image\/\",\"url\":\"https:\/\/ecartes.orange.com\/ml\/wp-content\/uploads\/Logo_Orange_RGB.png\",\"contentUrl\":\"https:\/\/ecartes.orange.com\/ml\/wp-content\/uploads\/Logo_Orange_RGB.png\",\"width\":2362,\"height\":2362,\"caption\":\"Orange eCartes Fun\"},\"image\":{\"@id\":\"https:\/\/ecartes.orange.com\/ml\/#\/schema\/logo\/image\/\"}}]}<\/script>\n<!-- \/ Yoast SEO plugin. -->","yoast_head_json":{"title":"e-Carte Fortnite 1000 V-Bucks - e-cartes Fun","description":"Rechargez votre compte Fortnite depuis le Mali et avec Orange Money avec cette e-Carte Playstation","robots":{"index":"index","follow":"follow","max-snippet":"max-snippet:-1","max-image-preview":"max-image-preview:large","max-video-preview":"max-video-preview:-1"},"canonical":"https:\/\/ecartes.orange.com\/ml\/produit\/fortnite-1000-v-bucks\/","og_locale":"fr_FR","og_type":"article","og_title":"e-Carte Fortnite 1000 V-Bucks - e-cartes Fun","og_description":"Rechargez votre compte Fortnite depuis le Mali et avec Orange Money avec cette e-Carte Playstation","og_url":"https:\/\/ecartes.orange.com\/ml\/produit\/fortnite-1000-v-bucks\/","og_site_name":"e-cartes Fun","article_modified_time":"2025-07-02T15:49:24+00:00","og_image":[{"width":800,"height":800,"url":"https:\/\/ecartes.orange.com\/ml\/wp-content\/uploads\/fortniteh-1.jpg","type":"image\/jpeg"}],"twitter_card":"summary_large_image","twitter_misc":{"Dur\u00e9e de lecture estim\u00e9e":"1 minute"},"schema":{"@context":"https:\/\/schema.org","@graph":[{"@type":"WebPage","@id":"https:\/\/ecartes.orange.com\/ml\/produit\/fortnite-1000-v-bucks\/","url":"https:\/\/ecartes.orange.com\/ml\/produit\/fortnite-1000-v-bucks\/","name":"e-Carte Fortnite 1000 V-Bucks - e-cartes Fun","isPartOf":{"@id":"https:\/\/ecartes.orange.com\/ml\/#website"},"datePublished":"2022-03-11T16:26:55+00:00","dateModified":"2025-07-02T15:49:24+00:00","description":"Rechargez votre compte Fortnite depuis le Mali et avec Orange Money avec cette e-Carte Playstation","breadcrumb":{"@id":"https:\/\/ecartes.orange.com\/ml\/produit\/fortnite-1000-v-bucks\/#breadcrumb"},"inLanguage":"fr-FR","potentialAction":[{"@type":"ReadAction","target":["https:\/\/ecartes.orange.com\/ml\/produit\/fortnite-1000-v-bucks\/"]}]},{"@type":"BreadcrumbList","@id":"https:\/\/ecartes.orange.com\/ml\/produit\/fortnite-1000-v-bucks\/#breadcrumb","itemListElement":[{"@type":"ListItem","position":1,"name":"Accueil","item":"https:\/\/ecartes.orange.com\/ml\/"},{"@type":"ListItem","position":2,"name":"e-Carte Fortnite 1000 V-Bucks"}]},{"@type":"WebSite","@id":"https:\/\/ecartes.orange.com\/ml\/#website","url":"https:\/\/ecartes.orange.com\/ml\/","name":"e-cartes Fun","description":"","publisher":{"@id":"https:\/\/ecartes.orange.com\/ml\/#organization"},"potentialAction":[{"@type":"SearchAction","target":{"@type":"EntryPoint","urlTemplate":"https:\/\/ecartes.orange.com\/ml\/?s={search_term_string}"},"query-input":"required name=search_term_string"}],"inLanguage":"fr-FR"},{"@type":"Organization","@id":"https:\/\/ecartes.orange.com\/ml\/#organization","name":"Orange eCartes Fun","url":"https:\/\/ecartes.orange.com\/ml\/","sameAs":[],"logo":{"@type":"ImageObject","inLanguage":"fr-FR","@id":"https:\/\/ecartes.orange.com\/ml\/#\/schema\/logo\/image\/","url":"https:\/\/ecartes.orange.com\/ml\/wp-content\/uploads\/Logo_Orange_RGB.png","contentUrl":"https:\/\/ecartes.orange.com\/ml\/wp-content\/uploads\/Logo_Orange_RGB.png","width":2362,"height":2362,"caption":"Orange eCartes Fun"},"image":{"@id":"https:\/\/ecartes.orange.com\/ml\/#\/schema\/logo\/image\/"}}]}},"_links":{"self":[{"href":"https:\/\/ecartes.orange.com\/ml\/wp-json\/wp\/v2\/product\/1049"}],"collection":[{"href":"https:\/\/ecartes.orange.com\/ml\/wp-json\/wp\/v2\/product"}],"about":[{"href":"https:\/\/ecartes.orange.com\/ml\/wp-json\/wp\/v2\/types\/product"}],"replies":[{"embeddable":true,"href":"https:\/\/ecartes.orange.com\/ml\/wp-json\/wp\/v2\/comments?post=1049"}],"wp:featuredmedia":[{"embeddable":true,"href":"https:\/\/ecartes.orange.com\/ml\/wp-json\/wp\/v2\/media\/964"}],"wp:attachment":[{"href":"https:\/\/ecartes.orange.com\/ml\/wp-json\/wp\/v2\/media?parent=1049"}],"wp:term":[{"taxonomy":"product_cat","embeddable":true,"href":"https:\/\/ecartes.orange.com\/ml\/wp-json\/wp\/v2\/product_cat?post=1049"},{"taxonomy":"product_tag","embeddable":true,"href":"https:\/\/ecartes.orange.com\/ml\/wp-json\/wp\/v2\/product_tag?post=1049"}],"curies":[{"name":"wp","href":"https:\/\/api.w.org\/{rel}","templated":true}]}}