{"id":153,"date":"2020-03-30T13:36:39","date_gmt":"2020-03-30T13:36:39","guid":{"rendered":"https:\/\/ecartes.orange.com\/ml\/\/?page_id=153"},"modified":"2021-01-27T08:44:05","modified_gmt":"2021-01-27T08:44:05","slug":"faq","status":"publish","type":"page","link":"https:\/\/ecartes.orange.com\/ml\/faq\/","title":{"rendered":"FAQ"},"content":{"rendered":"\n<h2>Comment recevoir le code de la carte que j&rsquo;ai command\u00e9e ?<\/h2>\n\n\n\n<p>Une fois votre commande valid\u00e9e, vous recevrez votre code :<\/p>\n\n\n\n<ul><li>par SMS au num\u00e9ro de t\u00e9l\u00e9phone indiqu\u00e9 dans le formulaire de commande<\/li><li>par email \u00e0 l&rsquo;adresse email indiqu\u00e9e dans le formulaire de commande<\/li><\/ul>\n\n\n\n<p>Vous pouvez \u00e9galement retrouver votre code sur votre compte, dans <a href=\"https:\/\/ecartes.orange.com\/ml\/mon-compte\/orders\/\">votre historique de commandes<\/a><\/p>\n\n\n\n<h2>Netflix<\/h2>\n\n\n\n<h2>Comment utiliser mon code Netflix ?<\/h2>\n\n\n\n<ul><li>Rendez-vous sur l&rsquo;application mobile Netflix ou sur <a rel=\"noreferrer noopener\" href=\"http:\/\/www.Netflix.com\" target=\"_blank\">Netflix.com<\/a> et connectez-vous \u00e0 votre compte Netflix <\/li><li>Rendez-vous ensuite sur <a rel=\"noreferrer noopener\" href=\"https:\/\/www.netflix.com\/fr\/redeem\" target=\"_blank\">https:\/\/www.netflix.com\/fr\/redeem<\/a> et rentrez le code unique dans l&rsquo;espace pr\u00e9vu <\/li><li>Votre compte Netflix est alors cr\u00e9dit\u00e9 du montant de la e-Carte<\/li><\/ul>\n\n\n\n<h2>Puis-je utiliser une carte Netflix en Euros sur mon compte en US dollars ?<\/h2>\n\n\n\n<p>Non, un compte Netflix en US dollars ne peut \u00eatre cr\u00e9dit\u00e9 que par une carte en US dollars. De m\u00eame, un compte Netflix en Euros ne peut \u00eatre cr\u00e9dit\u00e9 que par une carte en Euros.<\/p>\n\n\n\n<h2>Comment savoir si mon compte Netflix est en Euros ou en US Dollars ?<\/h2>\n\n\n\n<p>Il vous suffit de vous connecter \u00e0 votre compte Netflix puis d&rsquo;aller dans la rubrique Compte \/ D\u00e9tails de facturation. La devise de votre compte sera affich\u00e9e.<\/p>\n\n\n\n<h2>Puis-je cr\u00e9er un compte Netflix avec mon code ?<\/h2>\n\n\n\n<p>Non, pour cr\u00e9er et activer votre compte Netflix depuis le Burkina Faso, vous aurez besoin d&rsquo;une carte bancaire. Votre code vous permettra uniquement de recharger un compte existant.<\/p>\n\n\n\n<h2>Amazon<\/h2>\n\n\n\n<h2>Comment utiliser ma e-Carte Amazon 15\u20ac ?<\/h2>\n\n\n\n<ul><li>Une fois votre e-Carte Amazon achet\u00e9e sur l&rsquo;espace e-Carte Fun, nous vous envoyons par sms et par email le code unique de votre e-Carte Amazon<\/li><li>Rendez-vous sur Amazon.fr et connectez-vous \u00e0 votre compte Amazon<\/li><li>Rendez-vous ensuite sur Votre Compte, rubrique Ch\u00e8ques cadeaux et Recharge, \u00ab\u00a0Ajouter \u00e0 votre compte\u00a0\u00bb, et rentrez le code unique dans l&rsquo;espace pr\u00e9vu (\u00ab\u00a0Saisissez le code du ch\u00e8que-cadeau\u00a0\u00bb)<\/li><li>Votre compte Amazon.fr est alors cr\u00e9dit\u00e9 du montant de la e-Carte<\/li><li>Le solde du compte ch\u00e8que-cadeau est utilis\u00e9 automatiquement pour le r\u00e8glement des commandes pouvant en b\u00e9n\u00e9ficier.<\/li><li>Si le solde du compte ch\u00e8que-cadeau ne couvre pas le montant total de la commande, le restant doit \u00eatre r\u00e9gl\u00e9 avec un autre mode de paiement.&nbsp;<\/li><\/ul>\n\n\n\n<h2>J&rsquo;ai copi\u00e9\/coll\u00e9 sur le site Amazon.fr le code fourni mais j&rsquo;ai un message d&rsquo;erreur. Comment faire ?<\/h2>\n\n\n\n<ul><li>Le copier\/coller ne fonctionne pas pour les codes Amazon.<\/li><li>Saisissez de nouveau votre code sur Amazon.fr en utilisant votre clavier.<\/li><\/ul>\n\n\n\n<h2>Puis-je cr\u00e9er un compte Amazon Prime avec mon code ?<\/h2>\n\n\n\n<p>Non, pour cr\u00e9er et activer votre compte Amazon Prime depuis le Burkina Faso, vous aurez besoin d&rsquo;une carte bancaire. Votre code vous permettra uniquement de recharger un compte existant.<\/p>\n\n\n\n<p><\/p>\n\n\n\n<h2>Playstation<\/h2>\n\n\n\n<h2>Comment utiliser ma e-Carte Playstation Store 20\u20ac ?<\/h2>\n\n\n\n<ul><li>Une fois votre e-Carte Playstation Store achet\u00e9e sur l&rsquo;espace e-Carte Fun, nous vous envoyons par sms et par email le code unique de votre e-Carte Playstation Store<\/li><li>Rendez-vous sur Store.Playstation.com et connectez-vous \u00e0 votre compte Sony Entertainment Network<\/li><li>Rendez-vous ensuite sur Store.Playstation.com dans la rubrique Mon compte \/ Utiliser codes<\/li><li>Rentrez le code unique dans l&rsquo;espace pr\u00e9vu et suivez les instructions<\/li><li>Votre compte Sony Entertainment Network est alors cr\u00e9dit\u00e9 du montant de la e-Carte<\/li><\/ul>\n\n\n\n<p><\/p>\n","protected":false},"excerpt":{"rendered":"<p>Comment recevoir le code de la carte que j&rsquo;ai command\u00e9e ? Une fois votre commande valid\u00e9e, vous recevrez votre code : par SMS au num\u00e9ro de t\u00e9l\u00e9phone indiqu\u00e9 dans le formulaire de commande par email \u00e0 l&rsquo;adresse email indiqu\u00e9e dans le formulaire de commande Vous pouvez \u00e9galement retrouver votre code sur votre compte, dans votre [&hellip;]<\/p>\n","protected":false},"author":1,"featured_media":0,"parent":0,"menu_order":0,"comment_status":"closed","ping_status":"closed","template":"","meta":[],"yoast_head":"<!-- This site is optimized with the Yoast SEO plugin v19.8 - https:\/\/yoast.com\/wordpress\/plugins\/seo\/ -->\n<title>FAQ - e-cartes Fun<\/title>\n<meta name=\"robots\" content=\"index, follow, max-snippet:-1, max-image-preview:large, max-video-preview:-1\" \/>\n<link rel=\"canonical\" href=\"https:\/\/ecartes.orange.com\/ml\/faq\/\" \/>\n<meta property=\"og:locale\" content=\"fr_FR\" \/>\n<meta property=\"og:type\" content=\"article\" \/>\n<meta property=\"og:title\" content=\"FAQ - e-cartes Fun\" \/>\n<meta property=\"og:description\" content=\"Comment recevoir le code de la carte que j&rsquo;ai command\u00e9e ? Une fois votre commande valid\u00e9e, vous recevrez votre code : par SMS au num\u00e9ro de t\u00e9l\u00e9phone indiqu\u00e9 dans le formulaire de commande par email \u00e0 l&rsquo;adresse email indiqu\u00e9e dans le formulaire de commande Vous pouvez \u00e9galement retrouver votre code sur votre compte, dans votre [&hellip;]\" \/>\n<meta property=\"og:url\" content=\"https:\/\/ecartes.orange.com\/ml\/faq\/\" \/>\n<meta property=\"og:site_name\" content=\"e-cartes Fun\" \/>\n<meta property=\"article:modified_time\" content=\"2021-01-27T08:44:05+00:00\" \/>\n<meta name=\"twitter:card\" content=\"summary_large_image\" \/>\n<meta name=\"twitter:label1\" content=\"Dur\u00e9e de lecture estim\u00e9e\" \/>\n\t<meta name=\"twitter:data1\" content=\"3 minutes\" \/>\n<script type=\"application\/ld+json\" class=\"yoast-schema-graph\">{\"@context\":\"https:\/\/schema.org\",\"@graph\":[{\"@type\":\"WebPage\",\"@id\":\"https:\/\/ecartes.orange.com\/ml\/faq\/\",\"url\":\"https:\/\/ecartes.orange.com\/ml\/faq\/\",\"name\":\"FAQ - e-cartes Fun\",\"isPartOf\":{\"@id\":\"https:\/\/ecartes.orange.com\/ml\/#website\"},\"datePublished\":\"2020-03-30T13:36:39+00:00\",\"dateModified\":\"2021-01-27T08:44:05+00:00\",\"breadcrumb\":{\"@id\":\"https:\/\/ecartes.orange.com\/ml\/faq\/#breadcrumb\"},\"inLanguage\":\"fr-FR\",\"potentialAction\":[{\"@type\":\"ReadAction\",\"target\":[\"https:\/\/ecartes.orange.com\/ml\/faq\/\"]}]},{\"@type\":\"BreadcrumbList\",\"@id\":\"https:\/\/ecartes.orange.com\/ml\/faq\/#breadcrumb\",\"itemListElement\":[{\"@type\":\"ListItem\",\"position\":1,\"name\":\"Accueil\",\"item\":\"https:\/\/ecartes.orange.com\/ml\/\"},{\"@type\":\"ListItem\",\"position\":2,\"name\":\"FAQ\"}]},{\"@type\":\"WebSite\",\"@id\":\"https:\/\/ecartes.orange.com\/ml\/#website\",\"url\":\"https:\/\/ecartes.orange.com\/ml\/\",\"name\":\"e-cartes Fun\",\"description\":\"\",\"publisher\":{\"@id\":\"https:\/\/ecartes.orange.com\/ml\/#organization\"},\"potentialAction\":[{\"@type\":\"SearchAction\",\"target\":{\"@type\":\"EntryPoint\",\"urlTemplate\":\"https:\/\/ecartes.orange.com\/ml\/?s={search_term_string}\"},\"query-input\":\"required name=search_term_string\"}],\"inLanguage\":\"fr-FR\"},{\"@type\":\"Organization\",\"@id\":\"https:\/\/ecartes.orange.com\/ml\/#organization\",\"name\":\"Orange eCartes Fun\",\"url\":\"https:\/\/ecartes.orange.com\/ml\/\",\"sameAs\":[],\"logo\":{\"@type\":\"ImageObject\",\"inLanguage\":\"fr-FR\",\"@id\":\"https:\/\/ecartes.orange.com\/ml\/#\/schema\/logo\/image\/\",\"url\":\"https:\/\/ecartes.orange.com\/ml\/wp-content\/uploads\/Logo_Orange_RGB.png\",\"contentUrl\":\"https:\/\/ecartes.orange.com\/ml\/wp-content\/uploads\/Logo_Orange_RGB.png\",\"width\":2362,\"height\":2362,\"caption\":\"Orange eCartes Fun\"},\"image\":{\"@id\":\"https:\/\/ecartes.orange.com\/ml\/#\/schema\/logo\/image\/\"}}]}<\/script>\n<!-- \/ Yoast SEO plugin. -->","yoast_head_json":{"title":"FAQ - e-cartes Fun","robots":{"index":"index","follow":"follow","max-snippet":"max-snippet:-1","max-image-preview":"max-image-preview:large","max-video-preview":"max-video-preview:-1"},"canonical":"https:\/\/ecartes.orange.com\/ml\/faq\/","og_locale":"fr_FR","og_type":"article","og_title":"FAQ - e-cartes Fun","og_description":"Comment recevoir le code de la carte que j&rsquo;ai command\u00e9e ? Une fois votre commande valid\u00e9e, vous recevrez votre code : par SMS au num\u00e9ro de t\u00e9l\u00e9phone indiqu\u00e9 dans le formulaire de commande par email \u00e0 l&rsquo;adresse email indiqu\u00e9e dans le formulaire de commande Vous pouvez \u00e9galement retrouver votre code sur votre compte, dans votre [&hellip;]","og_url":"https:\/\/ecartes.orange.com\/ml\/faq\/","og_site_name":"e-cartes Fun","article_modified_time":"2021-01-27T08:44:05+00:00","twitter_card":"summary_large_image","twitter_misc":{"Dur\u00e9e de lecture estim\u00e9e":"3 minutes"},"schema":{"@context":"https:\/\/schema.org","@graph":[{"@type":"WebPage","@id":"https:\/\/ecartes.orange.com\/ml\/faq\/","url":"https:\/\/ecartes.orange.com\/ml\/faq\/","name":"FAQ - e-cartes Fun","isPartOf":{"@id":"https:\/\/ecartes.orange.com\/ml\/#website"},"datePublished":"2020-03-30T13:36:39+00:00","dateModified":"2021-01-27T08:44:05+00:00","breadcrumb":{"@id":"https:\/\/ecartes.orange.com\/ml\/faq\/#breadcrumb"},"inLanguage":"fr-FR","potentialAction":[{"@type":"ReadAction","target":["https:\/\/ecartes.orange.com\/ml\/faq\/"]}]},{"@type":"BreadcrumbList","@id":"https:\/\/ecartes.orange.com\/ml\/faq\/#breadcrumb","itemListElement":[{"@type":"ListItem","position":1,"name":"Accueil","item":"https:\/\/ecartes.orange.com\/ml\/"},{"@type":"ListItem","position":2,"name":"FAQ"}]},{"@type":"WebSite","@id":"https:\/\/ecartes.orange.com\/ml\/#website","url":"https:\/\/ecartes.orange.com\/ml\/","name":"e-cartes Fun","description":"","publisher":{"@id":"https:\/\/ecartes.orange.com\/ml\/#organization"},"potentialAction":[{"@type":"SearchAction","target":{"@type":"EntryPoint","urlTemplate":"https:\/\/ecartes.orange.com\/ml\/?s={search_term_string}"},"query-input":"required name=search_term_string"}],"inLanguage":"fr-FR"},{"@type":"Organization","@id":"https:\/\/ecartes.orange.com\/ml\/#organization","name":"Orange eCartes Fun","url":"https:\/\/ecartes.orange.com\/ml\/","sameAs":[],"logo":{"@type":"ImageObject","inLanguage":"fr-FR","@id":"https:\/\/ecartes.orange.com\/ml\/#\/schema\/logo\/image\/","url":"https:\/\/ecartes.orange.com\/ml\/wp-content\/uploads\/Logo_Orange_RGB.png","contentUrl":"https:\/\/ecartes.orange.com\/ml\/wp-content\/uploads\/Logo_Orange_RGB.png","width":2362,"height":2362,"caption":"Orange eCartes Fun"},"image":{"@id":"https:\/\/ecartes.orange.com\/ml\/#\/schema\/logo\/image\/"}}]}},"_links":{"self":[{"href":"https:\/\/ecartes.orange.com\/ml\/wp-json\/wp\/v2\/pages\/153"}],"collection":[{"href":"https:\/\/ecartes.orange.com\/ml\/wp-json\/wp\/v2\/pages"}],"about":[{"href":"https:\/\/ecartes.orange.com\/ml\/wp-json\/wp\/v2\/types\/page"}],"author":[{"embeddable":true,"href":"https:\/\/ecartes.orange.com\/ml\/wp-json\/wp\/v2\/users\/1"}],"replies":[{"embeddable":true,"href":"https:\/\/ecartes.orange.com\/ml\/wp-json\/wp\/v2\/comments?post=153"}],"version-history":[{"count":12,"href":"https:\/\/ecartes.orange.com\/ml\/wp-json\/wp\/v2\/pages\/153\/revisions"}],"predecessor-version":[{"id":535,"href":"https:\/\/ecartes.orange.com\/ml\/wp-json\/wp\/v2\/pages\/153\/revisions\/535"}],"wp:attachment":[{"href":"https:\/\/ecartes.orange.com\/ml\/wp-json\/wp\/v2\/media?parent=153"}],"curies":[{"name":"wp","href":"https:\/\/api.w.org\/{rel}","templated":true}]}}