{"id":984,"date":"2022-01-26T17:52:08","date_gmt":"2022-01-26T17:52:08","guid":{"rendered":"https:\/\/ecartes.orange.com\/bf\/?post_type=product&#038;p=984"},"modified":"2025-08-25T16:39:23","modified_gmt":"2025-08-25T16:39:23","slug":"e-carte-playsation-store-10euros","status":"publish","type":"product","link":"https:\/\/ecartes.orange.com\/bf\/produit\/e-carte-playsation-store-10euros\/","title":{"rendered":"e-Carte Playsation Store 10\u20ac"},"content":{"rendered":"<h1>e-Carte Playstation Store 10\u20ac<\/h1>\n<p>&nbsp;<\/p>\n<p>Vous souhaitez acc\u00e9der aux contenus propos\u00e9s par le Playstation Store ?<\/p>\n<p>Cette e-CartePlaystation Store 10\u20ac vous permet de recharger votre compte Playstation Store de 10\u20ac.<\/p>\n<p>Tout le meilleur contenu du PlayStation\u00aeStore, accessible depuis votre PS4, PS3 ou PS Vita :<\/p>\n<ul>\n<li>Jeux et extensions<\/li>\n<li>Films<\/li>\n<li>Musique<\/li>\n<li>Avatars et th\u00e8mes<\/li>\n<\/ul>\n<p>&nbsp;<\/p>\n<h2><strong>Informations importantes<\/strong><\/h2>\n<ul>\n<li>Cette e-Carte est valable uniquement sur Playstation Store, sur un compte Sony Entertainment Network en euros.<\/li>\n<li>La zone g\u00e9ographique de la carte est : France<\/li>\n<li>Cette e-Carte n&rsquo;est ni \u00e9changeable ni remboursable<\/li>\n<li>Offre soumise \u00e0 l&rsquo;int\u00e9gralit\u00e9 des conditions d&rsquo;utilisation disponibles sur <a href=\"http:\/\/www.playstation.com\/legal\/PSNTerms\" target=\"_blank\" rel=\"noopener noreferrer\">Playstation.com<\/a><\/li>\n<\/ul>\n<h2><strong>Comment utiliser ma e-Carte Playstation Store 10\u20ac ?<\/strong><\/h2>\n<ul>\n<li>Une fois votre e-Carte Playstation Store achet\u00e9e sur l&rsquo;espace e-Carte Fun, nous vous envoyons par sms et par email le code unique de votre e-Carte\u00a0 Playstation Store<\/li>\n<li>Rendez-vous sur <a href=\"https:\/\/store.playstation.com\/\" target=\"_blank\" rel=\"noopener noreferrer\">Store.Playstation.com<\/a> et connectez-vous \u00e0 votre compte Sony Entertainment Network<\/li>\n<li>Rendez-vous ensuite sur\u00a0<a href=\"https:\/\/store.playstation.com\/\" target=\"_blank\" rel=\"noopener noreferrer\">Store.Playstation.com<\/a> dans la rubrique Mon compte \/ Utiliser codes<\/li>\n<li>Rentrez le code unique dans l&rsquo;espace pr\u00e9vu et suivez les instructions<\/li>\n<li>Votre compte Sony Entertainment Network est alors cr\u00e9dit\u00e9 du montant de la e-Carte<\/li>\n<\/ul>\n","protected":false},"excerpt":{"rendered":"<p>e-Carte Playstation Store 10\u20ac &nbsp; Vous souhaitez acc\u00e9der aux contenus propos\u00e9s par le Playstation Store ? Cette e-CartePlaystation Store 10\u20ac vous permet de recharger votre compte Playstation Store de 10\u20ac. Tout le meilleur contenu du PlayStation\u00aeStore, accessible depuis votre PS4, PS3 ou PS Vita : Jeux et extensions Films Musique Avatars et th\u00e8mes &nbsp; Informations [&hellip;]<\/p>\n","protected":false},"featured_media":241,"comment_status":"open","ping_status":"closed","template":"","meta":[],"product_cat":[21],"product_tag":[27,29,63,28,24],"yoast_head":"<!-- This site is optimized with the Yoast SEO plugin v19.8 - https:\/\/yoast.com\/wordpress\/plugins\/seo\/ -->\n<title>e-Carte Playsation Store 10\u20ac - e-cartes Fun<\/title>\n<meta name=\"description\" content=\"Rechargez votre compte Playstation Store depuis le Burkina et avec Orange Money avec cette e-Carte Playstation\" \/>\n<meta name=\"robots\" content=\"index, follow, max-snippet:-1, max-image-preview:large, max-video-preview:-1\" \/>\n<link rel=\"canonical\" href=\"https:\/\/ecartes.orange.com\/bf\/produit\/e-carte-playsation-store-10euros\/\" \/>\n<meta property=\"og:locale\" content=\"fr_FR\" \/>\n<meta property=\"og:type\" content=\"article\" \/>\n<meta property=\"og:title\" content=\"e-Carte Playsation Store 10\u20ac - e-cartes Fun\" \/>\n<meta property=\"og:description\" content=\"Rechargez votre compte Playstation Store depuis le Burkina et avec Orange Money avec cette e-Carte Playstation\" \/>\n<meta property=\"og:url\" content=\"https:\/\/ecartes.orange.com\/bf\/produit\/e-carte-playsation-store-10euros\/\" \/>\n<meta property=\"og:site_name\" content=\"e-cartes Fun\" \/>\n<meta property=\"article:modified_time\" content=\"2025-08-25T16:39:23+00:00\" \/>\n<meta property=\"og:image\" content=\"https:\/\/ecartes.orange.com\/bf\/wp-content\/uploads\/9c69331c1035031cf95dd52ab394d1d7b33ec6cd.png\" \/>\n\t<meta property=\"og:image:width\" content=\"368\" \/>\n\t<meta property=\"og:image:height\" content=\"233\" \/>\n\t<meta property=\"og:image:type\" content=\"image\/png\" \/>\n<meta name=\"twitter:card\" content=\"summary_large_image\" \/>\n<meta name=\"twitter:label1\" content=\"Dur\u00e9e de lecture estim\u00e9e\" \/>\n\t<meta name=\"twitter:data1\" content=\"1 minute\" \/>\n<script type=\"application\/ld+json\" class=\"yoast-schema-graph\">{\"@context\":\"https:\/\/schema.org\",\"@graph\":[{\"@type\":\"WebPage\",\"@id\":\"https:\/\/ecartes.orange.com\/bf\/produit\/e-carte-playsation-store-10euros\/\",\"url\":\"https:\/\/ecartes.orange.com\/bf\/produit\/e-carte-playsation-store-10euros\/\",\"name\":\"e-Carte Playsation Store 10\u20ac - e-cartes Fun\",\"isPartOf\":{\"@id\":\"https:\/\/ecartes.orange.com\/bf\/#website\"},\"datePublished\":\"2022-01-26T17:52:08+00:00\",\"dateModified\":\"2025-08-25T16:39:23+00:00\",\"description\":\"Rechargez votre compte Playstation Store depuis le Burkina et avec Orange Money avec cette e-Carte Playstation\",\"breadcrumb\":{\"@id\":\"https:\/\/ecartes.orange.com\/bf\/produit\/e-carte-playsation-store-10euros\/#breadcrumb\"},\"inLanguage\":\"fr-FR\",\"potentialAction\":[{\"@type\":\"ReadAction\",\"target\":[\"https:\/\/ecartes.orange.com\/bf\/produit\/e-carte-playsation-store-10euros\/\"]}]},{\"@type\":\"BreadcrumbList\",\"@id\":\"https:\/\/ecartes.orange.com\/bf\/produit\/e-carte-playsation-store-10euros\/#breadcrumb\",\"itemListElement\":[{\"@type\":\"ListItem\",\"position\":1,\"name\":\"Accueil\",\"item\":\"https:\/\/ecartes.orange.com\/bf\/\"},{\"@type\":\"ListItem\",\"position\":2,\"name\":\"e-Carte Playsation Store 10\u20ac\"}]},{\"@type\":\"WebSite\",\"@id\":\"https:\/\/ecartes.orange.com\/bf\/#website\",\"url\":\"https:\/\/ecartes.orange.com\/bf\/\",\"name\":\"e-cartes Fun\",\"description\":\"\",\"publisher\":{\"@id\":\"https:\/\/ecartes.orange.com\/bf\/#organization\"},\"potentialAction\":[{\"@type\":\"SearchAction\",\"target\":{\"@type\":\"EntryPoint\",\"urlTemplate\":\"https:\/\/ecartes.orange.com\/bf\/?s={search_term_string}\"},\"query-input\":\"required name=search_term_string\"}],\"inLanguage\":\"fr-FR\"},{\"@type\":\"Organization\",\"@id\":\"https:\/\/ecartes.orange.com\/bf\/#organization\",\"name\":\"Orange eCartes Fun\",\"url\":\"https:\/\/ecartes.orange.com\/bf\/\",\"sameAs\":[],\"logo\":{\"@type\":\"ImageObject\",\"inLanguage\":\"fr-FR\",\"@id\":\"https:\/\/ecartes.orange.com\/bf\/#\/schema\/logo\/image\/\",\"url\":\"https:\/\/ecartes.orange.com\/bf\/wp-content\/uploads\/Logo_Orange_RGB.png\",\"contentUrl\":\"https:\/\/ecartes.orange.com\/bf\/wp-content\/uploads\/Logo_Orange_RGB.png\",\"width\":2362,\"height\":2362,\"caption\":\"Orange eCartes Fun\"},\"image\":{\"@id\":\"https:\/\/ecartes.orange.com\/bf\/#\/schema\/logo\/image\/\"}}]}<\/script>\n<!-- \/ Yoast SEO plugin. -->","yoast_head_json":{"title":"e-Carte Playsation Store 10\u20ac - e-cartes Fun","description":"Rechargez votre compte Playstation Store depuis le Burkina et avec Orange Money avec cette e-Carte Playstation","robots":{"index":"index","follow":"follow","max-snippet":"max-snippet:-1","max-image-preview":"max-image-preview:large","max-video-preview":"max-video-preview:-1"},"canonical":"https:\/\/ecartes.orange.com\/bf\/produit\/e-carte-playsation-store-10euros\/","og_locale":"fr_FR","og_type":"article","og_title":"e-Carte Playsation Store 10\u20ac - e-cartes Fun","og_description":"Rechargez votre compte Playstation Store depuis le Burkina et avec Orange Money avec cette e-Carte Playstation","og_url":"https:\/\/ecartes.orange.com\/bf\/produit\/e-carte-playsation-store-10euros\/","og_site_name":"e-cartes Fun","article_modified_time":"2025-08-25T16:39:23+00:00","og_image":[{"width":368,"height":233,"url":"https:\/\/ecartes.orange.com\/bf\/wp-content\/uploads\/9c69331c1035031cf95dd52ab394d1d7b33ec6cd.png","type":"image\/png"}],"twitter_card":"summary_large_image","twitter_misc":{"Dur\u00e9e de lecture estim\u00e9e":"1 minute"},"schema":{"@context":"https:\/\/schema.org","@graph":[{"@type":"WebPage","@id":"https:\/\/ecartes.orange.com\/bf\/produit\/e-carte-playsation-store-10euros\/","url":"https:\/\/ecartes.orange.com\/bf\/produit\/e-carte-playsation-store-10euros\/","name":"e-Carte Playsation Store 10\u20ac - e-cartes Fun","isPartOf":{"@id":"https:\/\/ecartes.orange.com\/bf\/#website"},"datePublished":"2022-01-26T17:52:08+00:00","dateModified":"2025-08-25T16:39:23+00:00","description":"Rechargez votre compte Playstation Store depuis le Burkina et avec Orange Money avec cette e-Carte Playstation","breadcrumb":{"@id":"https:\/\/ecartes.orange.com\/bf\/produit\/e-carte-playsation-store-10euros\/#breadcrumb"},"inLanguage":"fr-FR","potentialAction":[{"@type":"ReadAction","target":["https:\/\/ecartes.orange.com\/bf\/produit\/e-carte-playsation-store-10euros\/"]}]},{"@type":"BreadcrumbList","@id":"https:\/\/ecartes.orange.com\/bf\/produit\/e-carte-playsation-store-10euros\/#breadcrumb","itemListElement":[{"@type":"ListItem","position":1,"name":"Accueil","item":"https:\/\/ecartes.orange.com\/bf\/"},{"@type":"ListItem","position":2,"name":"e-Carte Playsation Store 10\u20ac"}]},{"@type":"WebSite","@id":"https:\/\/ecartes.orange.com\/bf\/#website","url":"https:\/\/ecartes.orange.com\/bf\/","name":"e-cartes Fun","description":"","publisher":{"@id":"https:\/\/ecartes.orange.com\/bf\/#organization"},"potentialAction":[{"@type":"SearchAction","target":{"@type":"EntryPoint","urlTemplate":"https:\/\/ecartes.orange.com\/bf\/?s={search_term_string}"},"query-input":"required name=search_term_string"}],"inLanguage":"fr-FR"},{"@type":"Organization","@id":"https:\/\/ecartes.orange.com\/bf\/#organization","name":"Orange eCartes Fun","url":"https:\/\/ecartes.orange.com\/bf\/","sameAs":[],"logo":{"@type":"ImageObject","inLanguage":"fr-FR","@id":"https:\/\/ecartes.orange.com\/bf\/#\/schema\/logo\/image\/","url":"https:\/\/ecartes.orange.com\/bf\/wp-content\/uploads\/Logo_Orange_RGB.png","contentUrl":"https:\/\/ecartes.orange.com\/bf\/wp-content\/uploads\/Logo_Orange_RGB.png","width":2362,"height":2362,"caption":"Orange eCartes Fun"},"image":{"@id":"https:\/\/ecartes.orange.com\/bf\/#\/schema\/logo\/image\/"}}]}},"_links":{"self":[{"href":"https:\/\/ecartes.orange.com\/bf\/wp-json\/wp\/v2\/product\/984"}],"collection":[{"href":"https:\/\/ecartes.orange.com\/bf\/wp-json\/wp\/v2\/product"}],"about":[{"href":"https:\/\/ecartes.orange.com\/bf\/wp-json\/wp\/v2\/types\/product"}],"replies":[{"embeddable":true,"href":"https:\/\/ecartes.orange.com\/bf\/wp-json\/wp\/v2\/comments?post=984"}],"wp:featuredmedia":[{"embeddable":true,"href":"https:\/\/ecartes.orange.com\/bf\/wp-json\/wp\/v2\/media\/241"}],"wp:attachment":[{"href":"https:\/\/ecartes.orange.com\/bf\/wp-json\/wp\/v2\/media?parent=984"}],"wp:term":[{"taxonomy":"product_cat","embeddable":true,"href":"https:\/\/ecartes.orange.com\/bf\/wp-json\/wp\/v2\/product_cat?post=984"},{"taxonomy":"product_tag","embeddable":true,"href":"https:\/\/ecartes.orange.com\/bf\/wp-json\/wp\/v2\/product_tag?post=984"}],"curies":[{"name":"wp","href":"https:\/\/api.w.org\/{rel}","templated":true}]}}