{"id":2930,"date":"2023-07-24T09:54:58","date_gmt":"2023-07-24T09:54:58","guid":{"rendered":"https:\/\/ecartes.orange.com\/bf\/?post_type=product&#038;p=2930"},"modified":"2026-02-02T17:42:59","modified_gmt":"2026-02-02T17:42:59","slug":"e-carte-free-fire-1080-diamonds","status":"publish","type":"product","link":"https:\/\/ecartes.orange.com\/bf\/produit\/e-carte-free-fire-1080-diamonds\/","title":{"rendered":"e-Carte Free Fire 1080 Diamonds"},"content":{"rendered":"<h1>e-Carte Free Fire 1080 Diamonds<\/h1>\n<p>&nbsp;<\/p>\n<p>Pr\u00e9parez-vous \u00e0 vous battre dans Free Fire, l&rsquo;un des jeux de bataille royale les plus populaires sur les plateformes mobiles. Affrontez vos adversaires avec des diamants Free Fire. Les diamants Free Fire sont utilis\u00e9s pour acheter des objets cosm\u00e9tiques dans le jeu pour votre personnage et des armes.<\/p>\n<p>&nbsp;<\/p>\n<p>&nbsp;<\/p>\n<p>&nbsp;<\/p>\n<p>&nbsp;<\/p>\n<h2><\/h2>\n<h2><strong>Informations importantes<\/strong><\/h2>\n<ul>\n<li>Cette e-Carte est valable uniquement sur Free Fire.<\/li>\n<li>Cette e-Carte n&rsquo;est ni \u00e9changeable ni remboursable.<\/li>\n<li>Offre soumise \u00e0 l&rsquo;int\u00e9gralit\u00e9 des conditions d&rsquo;utilisation disponibles sur la <a href=\"https:\/\/shop.garena.sg\/app\">boutique Garena<\/a>.<\/li>\n<\/ul>\n<p>&nbsp;<\/p>\n<p><strong style=\"font-size: 2em;\">Comment utiliser ma e-Carte Free Fire 1080 Diamonds ?<\/strong><\/p>\n<ul>\n<li>Allez \u00e0 la <a href=\"https:\/\/shop.garena.sg\/app\">boutique Garena<\/a><\/li>\n<li>S\u00e9lectionnez Free Fire<\/li>\n<li>Connectez-vous \u00e0 votre compte via vos r\u00e9seaux sociaux li\u00e9s \u00e0 votre compte ou en saisissant votre identifiant de joueur.<\/li>\n<li>S\u00e9lectionnez Bon Garena.<\/li>\n<li>Entrez le code que vous avez re\u00e7u de notre part.<\/li>\n<li>Appuyez sur \u00e9changer.<\/li>\n<\/ul>\n<p>&nbsp;<\/p>\n","protected":false},"excerpt":{"rendered":"<p>e-Carte Free Fire 1080 Diamonds &nbsp; Pr\u00e9parez-vous \u00e0 vous battre dans Free Fire, l&rsquo;un des jeux de bataille royale les plus populaires sur les plateformes mobiles. Affrontez vos adversaires avec des diamants Free Fire. Les diamants Free Fire sont utilis\u00e9s pour acheter des objets cosm\u00e9tiques dans le jeu pour votre personnage et des armes. &nbsp; [&hellip;]<\/p>\n","protected":false},"featured_media":1074,"comment_status":"open","ping_status":"closed","template":"","meta":[],"product_cat":[69],"product_tag":[],"yoast_head":"<!-- This site is optimized with the Yoast SEO plugin v19.8 - https:\/\/yoast.com\/wordpress\/plugins\/seo\/ -->\n<title>e-Carte Free Fire 1080 Diamonds - e-cartes Fun<\/title>\n<meta name=\"robots\" content=\"index, follow, max-snippet:-1, max-image-preview:large, max-video-preview:-1\" \/>\n<link rel=\"canonical\" href=\"https:\/\/ecartes.orange.com\/bf\/produit\/e-carte-free-fire-1080-diamonds\/\" \/>\n<meta property=\"og:locale\" content=\"fr_FR\" \/>\n<meta property=\"og:type\" content=\"article\" \/>\n<meta property=\"og:title\" content=\"e-Carte Free Fire 1080 Diamonds - e-cartes Fun\" \/>\n<meta property=\"og:description\" content=\"e-Carte Free Fire 1080 Diamonds &nbsp; Pr\u00e9parez-vous \u00e0 vous battre dans Free Fire, l&rsquo;un des jeux de bataille royale les plus populaires sur les plateformes mobiles. Affrontez vos adversaires avec des diamants Free Fire. Les diamants Free Fire sont utilis\u00e9s pour acheter des objets cosm\u00e9tiques dans le jeu pour votre personnage et des armes. &nbsp; [&hellip;]\" \/>\n<meta property=\"og:url\" content=\"https:\/\/ecartes.orange.com\/bf\/produit\/e-carte-free-fire-1080-diamonds\/\" \/>\n<meta property=\"og:site_name\" content=\"e-cartes Fun\" \/>\n<meta property=\"article:modified_time\" content=\"2026-02-02T17:42:59+00:00\" \/>\n<meta property=\"og:image\" content=\"https:\/\/ecartes.orange.com\/bf\/wp-content\/uploads\/logo-free-fire.jpg\" \/>\n\t<meta property=\"og:image:width\" content=\"800\" \/>\n\t<meta property=\"og:image:height\" content=\"800\" \/>\n\t<meta property=\"og:image:type\" content=\"image\/jpeg\" \/>\n<meta name=\"twitter:card\" content=\"summary_large_image\" \/>\n<meta name=\"twitter:label1\" content=\"Dur\u00e9e de lecture estim\u00e9e\" \/>\n\t<meta name=\"twitter:data1\" content=\"1 minute\" \/>\n<script type=\"application\/ld+json\" class=\"yoast-schema-graph\">{\"@context\":\"https:\/\/schema.org\",\"@graph\":[{\"@type\":\"WebPage\",\"@id\":\"https:\/\/ecartes.orange.com\/bf\/produit\/e-carte-free-fire-1080-diamonds\/\",\"url\":\"https:\/\/ecartes.orange.com\/bf\/produit\/e-carte-free-fire-1080-diamonds\/\",\"name\":\"e-Carte Free Fire 1080 Diamonds - e-cartes Fun\",\"isPartOf\":{\"@id\":\"https:\/\/ecartes.orange.com\/bf\/#website\"},\"datePublished\":\"2023-07-24T09:54:58+00:00\",\"dateModified\":\"2026-02-02T17:42:59+00:00\",\"breadcrumb\":{\"@id\":\"https:\/\/ecartes.orange.com\/bf\/produit\/e-carte-free-fire-1080-diamonds\/#breadcrumb\"},\"inLanguage\":\"fr-FR\",\"potentialAction\":[{\"@type\":\"ReadAction\",\"target\":[\"https:\/\/ecartes.orange.com\/bf\/produit\/e-carte-free-fire-1080-diamonds\/\"]}]},{\"@type\":\"BreadcrumbList\",\"@id\":\"https:\/\/ecartes.orange.com\/bf\/produit\/e-carte-free-fire-1080-diamonds\/#breadcrumb\",\"itemListElement\":[{\"@type\":\"ListItem\",\"position\":1,\"name\":\"Accueil\",\"item\":\"https:\/\/ecartes.orange.com\/bf\/\"},{\"@type\":\"ListItem\",\"position\":2,\"name\":\"e-Carte Free Fire 1080 Diamonds\"}]},{\"@type\":\"WebSite\",\"@id\":\"https:\/\/ecartes.orange.com\/bf\/#website\",\"url\":\"https:\/\/ecartes.orange.com\/bf\/\",\"name\":\"e-cartes Fun\",\"description\":\"\",\"publisher\":{\"@id\":\"https:\/\/ecartes.orange.com\/bf\/#organization\"},\"potentialAction\":[{\"@type\":\"SearchAction\",\"target\":{\"@type\":\"EntryPoint\",\"urlTemplate\":\"https:\/\/ecartes.orange.com\/bf\/?s={search_term_string}\"},\"query-input\":\"required name=search_term_string\"}],\"inLanguage\":\"fr-FR\"},{\"@type\":\"Organization\",\"@id\":\"https:\/\/ecartes.orange.com\/bf\/#organization\",\"name\":\"Orange eCartes Fun\",\"url\":\"https:\/\/ecartes.orange.com\/bf\/\",\"sameAs\":[],\"logo\":{\"@type\":\"ImageObject\",\"inLanguage\":\"fr-FR\",\"@id\":\"https:\/\/ecartes.orange.com\/bf\/#\/schema\/logo\/image\/\",\"url\":\"https:\/\/ecartes.orange.com\/bf\/wp-content\/uploads\/Logo_Orange_RGB.png\",\"contentUrl\":\"https:\/\/ecartes.orange.com\/bf\/wp-content\/uploads\/Logo_Orange_RGB.png\",\"width\":2362,\"height\":2362,\"caption\":\"Orange eCartes Fun\"},\"image\":{\"@id\":\"https:\/\/ecartes.orange.com\/bf\/#\/schema\/logo\/image\/\"}}]}<\/script>\n<!-- \/ Yoast SEO plugin. -->","yoast_head_json":{"title":"e-Carte Free Fire 1080 Diamonds - e-cartes Fun","robots":{"index":"index","follow":"follow","max-snippet":"max-snippet:-1","max-image-preview":"max-image-preview:large","max-video-preview":"max-video-preview:-1"},"canonical":"https:\/\/ecartes.orange.com\/bf\/produit\/e-carte-free-fire-1080-diamonds\/","og_locale":"fr_FR","og_type":"article","og_title":"e-Carte Free Fire 1080 Diamonds - e-cartes Fun","og_description":"e-Carte Free Fire 1080 Diamonds &nbsp; Pr\u00e9parez-vous \u00e0 vous battre dans Free Fire, l&rsquo;un des jeux de bataille royale les plus populaires sur les plateformes mobiles. Affrontez vos adversaires avec des diamants Free Fire. Les diamants Free Fire sont utilis\u00e9s pour acheter des objets cosm\u00e9tiques dans le jeu pour votre personnage et des armes. &nbsp; [&hellip;]","og_url":"https:\/\/ecartes.orange.com\/bf\/produit\/e-carte-free-fire-1080-diamonds\/","og_site_name":"e-cartes Fun","article_modified_time":"2026-02-02T17:42:59+00:00","og_image":[{"width":800,"height":800,"url":"https:\/\/ecartes.orange.com\/bf\/wp-content\/uploads\/logo-free-fire.jpg","type":"image\/jpeg"}],"twitter_card":"summary_large_image","twitter_misc":{"Dur\u00e9e de lecture estim\u00e9e":"1 minute"},"schema":{"@context":"https:\/\/schema.org","@graph":[{"@type":"WebPage","@id":"https:\/\/ecartes.orange.com\/bf\/produit\/e-carte-free-fire-1080-diamonds\/","url":"https:\/\/ecartes.orange.com\/bf\/produit\/e-carte-free-fire-1080-diamonds\/","name":"e-Carte Free Fire 1080 Diamonds - e-cartes Fun","isPartOf":{"@id":"https:\/\/ecartes.orange.com\/bf\/#website"},"datePublished":"2023-07-24T09:54:58+00:00","dateModified":"2026-02-02T17:42:59+00:00","breadcrumb":{"@id":"https:\/\/ecartes.orange.com\/bf\/produit\/e-carte-free-fire-1080-diamonds\/#breadcrumb"},"inLanguage":"fr-FR","potentialAction":[{"@type":"ReadAction","target":["https:\/\/ecartes.orange.com\/bf\/produit\/e-carte-free-fire-1080-diamonds\/"]}]},{"@type":"BreadcrumbList","@id":"https:\/\/ecartes.orange.com\/bf\/produit\/e-carte-free-fire-1080-diamonds\/#breadcrumb","itemListElement":[{"@type":"ListItem","position":1,"name":"Accueil","item":"https:\/\/ecartes.orange.com\/bf\/"},{"@type":"ListItem","position":2,"name":"e-Carte Free Fire 1080 Diamonds"}]},{"@type":"WebSite","@id":"https:\/\/ecartes.orange.com\/bf\/#website","url":"https:\/\/ecartes.orange.com\/bf\/","name":"e-cartes Fun","description":"","publisher":{"@id":"https:\/\/ecartes.orange.com\/bf\/#organization"},"potentialAction":[{"@type":"SearchAction","target":{"@type":"EntryPoint","urlTemplate":"https:\/\/ecartes.orange.com\/bf\/?s={search_term_string}"},"query-input":"required name=search_term_string"}],"inLanguage":"fr-FR"},{"@type":"Organization","@id":"https:\/\/ecartes.orange.com\/bf\/#organization","name":"Orange eCartes Fun","url":"https:\/\/ecartes.orange.com\/bf\/","sameAs":[],"logo":{"@type":"ImageObject","inLanguage":"fr-FR","@id":"https:\/\/ecartes.orange.com\/bf\/#\/schema\/logo\/image\/","url":"https:\/\/ecartes.orange.com\/bf\/wp-content\/uploads\/Logo_Orange_RGB.png","contentUrl":"https:\/\/ecartes.orange.com\/bf\/wp-content\/uploads\/Logo_Orange_RGB.png","width":2362,"height":2362,"caption":"Orange eCartes Fun"},"image":{"@id":"https:\/\/ecartes.orange.com\/bf\/#\/schema\/logo\/image\/"}}]}},"_links":{"self":[{"href":"https:\/\/ecartes.orange.com\/bf\/wp-json\/wp\/v2\/product\/2930"}],"collection":[{"href":"https:\/\/ecartes.orange.com\/bf\/wp-json\/wp\/v2\/product"}],"about":[{"href":"https:\/\/ecartes.orange.com\/bf\/wp-json\/wp\/v2\/types\/product"}],"replies":[{"embeddable":true,"href":"https:\/\/ecartes.orange.com\/bf\/wp-json\/wp\/v2\/comments?post=2930"}],"wp:featuredmedia":[{"embeddable":true,"href":"https:\/\/ecartes.orange.com\/bf\/wp-json\/wp\/v2\/media\/1074"}],"wp:attachment":[{"href":"https:\/\/ecartes.orange.com\/bf\/wp-json\/wp\/v2\/media?parent=2930"}],"wp:term":[{"taxonomy":"product_cat","embeddable":true,"href":"https:\/\/ecartes.orange.com\/bf\/wp-json\/wp\/v2\/product_cat?post=2930"},{"taxonomy":"product_tag","embeddable":true,"href":"https:\/\/ecartes.orange.com\/bf\/wp-json\/wp\/v2\/product_tag?post=2930"}],"curies":[{"name":"wp","href":"https:\/\/api.w.org\/{rel}","templated":true}]}}