{"id":1068,"date":"2022-03-29T14:51:36","date_gmt":"2022-03-29T14:51:36","guid":{"rendered":"https:\/\/ecartes.orange.com\/bf\/?post_type=product&#038;p=1068"},"modified":"2024-02-07T09:45:35","modified_gmt":"2024-02-07T09:45:35","slug":"e-carte-mobile-legends-221-diamonds","status":"publish","type":"product","link":"https:\/\/ecartes.orange.com\/bf\/produit\/e-carte-mobile-legends-221-diamonds\/","title":{"rendered":"e-Carte Mobile Legends 221 Diamonds"},"content":{"rendered":"<h1>-e-Carte Mobile Legends 221 Diamonds<\/h1>\n<p>&nbsp;<\/p>\n<p>Vous \u00eates sur le point d\u2019acheter des Diamants Mobile Legends. Avec vos Diamants, vous pouvez obtenir les r\u00e9compenses Starlight Member et Pass Twilight, d\u00e9bloquer des champions, acheter des skins de champions sympas, et plus encore.<\/p>\n<p>Rejoignez vos amis dans un tout nouveau MOBA 5v5 contre de vrais adversaires humains, Mobile Legends ! Choisissez vos h\u00e9ros pr\u00e9f\u00e9r\u00e9s et formez l&rsquo;\u00e9quipe parfaite avec vos compagnons d&rsquo;armes !<\/p>\n<p>&nbsp;<\/p>\n<p>&nbsp;<\/p>\n<h2><\/h2>\n<h2><\/h2>\n<h2><strong>Informations importantes<\/strong><\/h2>\n<ul>\n<li>Cette e-Carte est valable uniquement sur Mobile Legends.<\/li>\n<li>Cette e-Carte n&rsquo;est ni \u00e9changeable ni remboursable.<\/li>\n<li>Offre soumise \u00e0 l&rsquo;int\u00e9gralit\u00e9 des conditions d&rsquo;utilisation disponibles sur le site <a href=\"https:\/\/m.mobilelegends.com\/en\/newsdetail\/473\">Mobile Legends<\/a>.<\/li>\n<\/ul>\n<h2><strong>Comment utiliser ma carte Mobile Legends 221 Diamonds ?<\/strong><\/h2>\n<p>&nbsp;<\/p>\n<ol>\n<li>Pour \u00e9changer des codes, vous devez d&rsquo;abord ouvrir le jeu et la page d&rsquo;<a href=\"https:\/\/m.mobilelegends.com\/en\/codexchange\">\u00e9change de codes Mobile Legends<\/a> : https:\/\/m.mobilelegends.com\/en\/codexchange.<\/li>\n<li>Dans le jeu, vous devrez trouver l&rsquo;ID de votre compte. Vous pouvez le trouver en tapant sur l&rsquo;ic\u00f4ne de votre profil, et sur le c\u00f4t\u00e9 droit de l&rsquo;\u00e9cran, vous remarquerez un long num\u00e9ro, dans ce format : \u00ab\u00a0ID : 123456789 (12345)\u00a0\u00bb. Le num\u00e9ro que vous voulez utiliser est celui qui est en gras.<\/li>\n<li>Inscrivez ce num\u00e9ro sur le site Web, dans la case Game ID, puis appuyez sur Envoyer.<\/li>\n<li>Vous recevrez un message dans le jeu avec un code, que vous pourrez copier et coller dans la case Code de v\u00e9rification sur le site Web.<\/li>\n<li>Saisissez le code que vous avez obtenu, qui est valable pendant 30 minutes, et commencez \u00e0 saisir le code, puis appuyez sur Redeem.<\/li>\n<li>Vos r\u00e9compenses devraient arriver dans votre bo\u00eete aux lettres en jeu sous peu ! https:\/\/www.pocketgamer.com\/mobile-legends-bang-bang\/redeem-codes\/<\/li>\n<\/ol>\n","protected":false},"excerpt":{"rendered":"<p>-e-Carte Mobile Legends 221 Diamonds &nbsp; Vous \u00eates sur le point d\u2019acheter des Diamants Mobile Legends. Avec vos Diamants, vous pouvez obtenir les r\u00e9compenses Starlight Member et Pass Twilight, d\u00e9bloquer des champions, acheter des skins de champions sympas, et plus encore. Rejoignez vos amis dans un tout nouveau MOBA 5v5 contre de vrais adversaires humains, [&hellip;]<\/p>\n","protected":false},"featured_media":1069,"comment_status":"open","ping_status":"closed","template":"","meta":[],"product_cat":[68],"product_tag":[60,67,28,24],"yoast_head":"<!-- This site is optimized with the Yoast SEO plugin v19.8 - https:\/\/yoast.com\/wordpress\/plugins\/seo\/ -->\n<title>e-Carte Mobile Legends 221 Diamonds - e-cartes Fun<\/title>\n<meta name=\"description\" content=\"Cr\u00e9ditez votre compte Mobile Legends au Burkina Faso avec Orange. Achetez cette e-Carte Mobile Legends 221 Diamonds en CFA avec Orange Money\" \/>\n<meta name=\"robots\" content=\"index, follow, max-snippet:-1, max-image-preview:large, max-video-preview:-1\" \/>\n<link rel=\"canonical\" href=\"https:\/\/ecartes.orange.com\/bf\/produit\/e-carte-mobile-legends-221-diamonds\/\" \/>\n<meta property=\"og:locale\" content=\"fr_FR\" \/>\n<meta property=\"og:type\" content=\"article\" \/>\n<meta property=\"og:title\" content=\"e-Carte Mobile Legends 221 Diamonds - e-cartes Fun\" \/>\n<meta property=\"og:description\" content=\"Cr\u00e9ditez votre compte Mobile Legends au Burkina Faso avec Orange. Achetez cette e-Carte Mobile Legends 221 Diamonds en CFA avec Orange Money\" \/>\n<meta property=\"og:url\" content=\"https:\/\/ecartes.orange.com\/bf\/produit\/e-carte-mobile-legends-221-diamonds\/\" \/>\n<meta property=\"og:site_name\" content=\"e-cartes Fun\" \/>\n<meta property=\"article:modified_time\" content=\"2024-02-07T09:45:35+00:00\" \/>\n<meta property=\"og:image\" content=\"https:\/\/ecartes.orange.com\/bf\/wp-content\/uploads\/logo-mobile-legends.jpg\" \/>\n\t<meta property=\"og:image:width\" content=\"600\" \/>\n\t<meta property=\"og:image:height\" content=\"600\" \/>\n\t<meta property=\"og:image:type\" content=\"image\/jpeg\" \/>\n<meta name=\"twitter:card\" content=\"summary_large_image\" \/>\n<meta name=\"twitter:label1\" content=\"Dur\u00e9e de lecture estim\u00e9e\" \/>\n\t<meta name=\"twitter:data1\" content=\"2 minutes\" \/>\n<script type=\"application\/ld+json\" class=\"yoast-schema-graph\">{\"@context\":\"https:\/\/schema.org\",\"@graph\":[{\"@type\":\"WebPage\",\"@id\":\"https:\/\/ecartes.orange.com\/bf\/produit\/e-carte-mobile-legends-221-diamonds\/\",\"url\":\"https:\/\/ecartes.orange.com\/bf\/produit\/e-carte-mobile-legends-221-diamonds\/\",\"name\":\"e-Carte Mobile Legends 221 Diamonds - e-cartes Fun\",\"isPartOf\":{\"@id\":\"https:\/\/ecartes.orange.com\/bf\/#website\"},\"datePublished\":\"2022-03-29T14:51:36+00:00\",\"dateModified\":\"2024-02-07T09:45:35+00:00\",\"description\":\"Cr\u00e9ditez votre compte Mobile Legends au Burkina Faso avec Orange. Achetez cette e-Carte Mobile Legends 221 Diamonds en CFA avec Orange Money\",\"breadcrumb\":{\"@id\":\"https:\/\/ecartes.orange.com\/bf\/produit\/e-carte-mobile-legends-221-diamonds\/#breadcrumb\"},\"inLanguage\":\"fr-FR\",\"potentialAction\":[{\"@type\":\"ReadAction\",\"target\":[\"https:\/\/ecartes.orange.com\/bf\/produit\/e-carte-mobile-legends-221-diamonds\/\"]}]},{\"@type\":\"BreadcrumbList\",\"@id\":\"https:\/\/ecartes.orange.com\/bf\/produit\/e-carte-mobile-legends-221-diamonds\/#breadcrumb\",\"itemListElement\":[{\"@type\":\"ListItem\",\"position\":1,\"name\":\"Accueil\",\"item\":\"https:\/\/ecartes.orange.com\/bf\/\"},{\"@type\":\"ListItem\",\"position\":2,\"name\":\"e-Carte Mobile Legends 221 Diamonds\"}]},{\"@type\":\"WebSite\",\"@id\":\"https:\/\/ecartes.orange.com\/bf\/#website\",\"url\":\"https:\/\/ecartes.orange.com\/bf\/\",\"name\":\"e-cartes Fun\",\"description\":\"\",\"publisher\":{\"@id\":\"https:\/\/ecartes.orange.com\/bf\/#organization\"},\"potentialAction\":[{\"@type\":\"SearchAction\",\"target\":{\"@type\":\"EntryPoint\",\"urlTemplate\":\"https:\/\/ecartes.orange.com\/bf\/?s={search_term_string}\"},\"query-input\":\"required name=search_term_string\"}],\"inLanguage\":\"fr-FR\"},{\"@type\":\"Organization\",\"@id\":\"https:\/\/ecartes.orange.com\/bf\/#organization\",\"name\":\"Orange eCartes Fun\",\"url\":\"https:\/\/ecartes.orange.com\/bf\/\",\"sameAs\":[],\"logo\":{\"@type\":\"ImageObject\",\"inLanguage\":\"fr-FR\",\"@id\":\"https:\/\/ecartes.orange.com\/bf\/#\/schema\/logo\/image\/\",\"url\":\"https:\/\/ecartes.orange.com\/bf\/wp-content\/uploads\/Logo_Orange_RGB.png\",\"contentUrl\":\"https:\/\/ecartes.orange.com\/bf\/wp-content\/uploads\/Logo_Orange_RGB.png\",\"width\":2362,\"height\":2362,\"caption\":\"Orange eCartes Fun\"},\"image\":{\"@id\":\"https:\/\/ecartes.orange.com\/bf\/#\/schema\/logo\/image\/\"}}]}<\/script>\n<!-- \/ Yoast SEO plugin. -->","yoast_head_json":{"title":"e-Carte Mobile Legends 221 Diamonds - e-cartes Fun","description":"Cr\u00e9ditez votre compte Mobile Legends au Burkina Faso avec Orange. Achetez cette e-Carte Mobile Legends 221 Diamonds en CFA avec Orange Money","robots":{"index":"index","follow":"follow","max-snippet":"max-snippet:-1","max-image-preview":"max-image-preview:large","max-video-preview":"max-video-preview:-1"},"canonical":"https:\/\/ecartes.orange.com\/bf\/produit\/e-carte-mobile-legends-221-diamonds\/","og_locale":"fr_FR","og_type":"article","og_title":"e-Carte Mobile Legends 221 Diamonds - e-cartes Fun","og_description":"Cr\u00e9ditez votre compte Mobile Legends au Burkina Faso avec Orange. Achetez cette e-Carte Mobile Legends 221 Diamonds en CFA avec Orange Money","og_url":"https:\/\/ecartes.orange.com\/bf\/produit\/e-carte-mobile-legends-221-diamonds\/","og_site_name":"e-cartes Fun","article_modified_time":"2024-02-07T09:45:35+00:00","og_image":[{"width":600,"height":600,"url":"https:\/\/ecartes.orange.com\/bf\/wp-content\/uploads\/logo-mobile-legends.jpg","type":"image\/jpeg"}],"twitter_card":"summary_large_image","twitter_misc":{"Dur\u00e9e de lecture estim\u00e9e":"2 minutes"},"schema":{"@context":"https:\/\/schema.org","@graph":[{"@type":"WebPage","@id":"https:\/\/ecartes.orange.com\/bf\/produit\/e-carte-mobile-legends-221-diamonds\/","url":"https:\/\/ecartes.orange.com\/bf\/produit\/e-carte-mobile-legends-221-diamonds\/","name":"e-Carte Mobile Legends 221 Diamonds - e-cartes Fun","isPartOf":{"@id":"https:\/\/ecartes.orange.com\/bf\/#website"},"datePublished":"2022-03-29T14:51:36+00:00","dateModified":"2024-02-07T09:45:35+00:00","description":"Cr\u00e9ditez votre compte Mobile Legends au Burkina Faso avec Orange. Achetez cette e-Carte Mobile Legends 221 Diamonds en CFA avec Orange Money","breadcrumb":{"@id":"https:\/\/ecartes.orange.com\/bf\/produit\/e-carte-mobile-legends-221-diamonds\/#breadcrumb"},"inLanguage":"fr-FR","potentialAction":[{"@type":"ReadAction","target":["https:\/\/ecartes.orange.com\/bf\/produit\/e-carte-mobile-legends-221-diamonds\/"]}]},{"@type":"BreadcrumbList","@id":"https:\/\/ecartes.orange.com\/bf\/produit\/e-carte-mobile-legends-221-diamonds\/#breadcrumb","itemListElement":[{"@type":"ListItem","position":1,"name":"Accueil","item":"https:\/\/ecartes.orange.com\/bf\/"},{"@type":"ListItem","position":2,"name":"e-Carte Mobile Legends 221 Diamonds"}]},{"@type":"WebSite","@id":"https:\/\/ecartes.orange.com\/bf\/#website","url":"https:\/\/ecartes.orange.com\/bf\/","name":"e-cartes Fun","description":"","publisher":{"@id":"https:\/\/ecartes.orange.com\/bf\/#organization"},"potentialAction":[{"@type":"SearchAction","target":{"@type":"EntryPoint","urlTemplate":"https:\/\/ecartes.orange.com\/bf\/?s={search_term_string}"},"query-input":"required name=search_term_string"}],"inLanguage":"fr-FR"},{"@type":"Organization","@id":"https:\/\/ecartes.orange.com\/bf\/#organization","name":"Orange eCartes Fun","url":"https:\/\/ecartes.orange.com\/bf\/","sameAs":[],"logo":{"@type":"ImageObject","inLanguage":"fr-FR","@id":"https:\/\/ecartes.orange.com\/bf\/#\/schema\/logo\/image\/","url":"https:\/\/ecartes.orange.com\/bf\/wp-content\/uploads\/Logo_Orange_RGB.png","contentUrl":"https:\/\/ecartes.orange.com\/bf\/wp-content\/uploads\/Logo_Orange_RGB.png","width":2362,"height":2362,"caption":"Orange eCartes Fun"},"image":{"@id":"https:\/\/ecartes.orange.com\/bf\/#\/schema\/logo\/image\/"}}]}},"_links":{"self":[{"href":"https:\/\/ecartes.orange.com\/bf\/wp-json\/wp\/v2\/product\/1068"}],"collection":[{"href":"https:\/\/ecartes.orange.com\/bf\/wp-json\/wp\/v2\/product"}],"about":[{"href":"https:\/\/ecartes.orange.com\/bf\/wp-json\/wp\/v2\/types\/product"}],"replies":[{"embeddable":true,"href":"https:\/\/ecartes.orange.com\/bf\/wp-json\/wp\/v2\/comments?post=1068"}],"wp:featuredmedia":[{"embeddable":true,"href":"https:\/\/ecartes.orange.com\/bf\/wp-json\/wp\/v2\/media\/1069"}],"wp:attachment":[{"href":"https:\/\/ecartes.orange.com\/bf\/wp-json\/wp\/v2\/media?parent=1068"}],"wp:term":[{"taxonomy":"product_cat","embeddable":true,"href":"https:\/\/ecartes.orange.com\/bf\/wp-json\/wp\/v2\/product_cat?post=1068"},{"taxonomy":"product_tag","embeddable":true,"href":"https:\/\/ecartes.orange.com\/bf\/wp-json\/wp\/v2\/product_tag?post=1068"}],"curies":[{"name":"wp","href":"https:\/\/api.w.org\/{rel}","templated":true}]}}