{"id":214,"date":"2020-05-27T08:55:29","date_gmt":"2020-05-27T08:55:29","guid":{"rendered":"https:\/\/ecartes.orange.com\/bf\/\/?page_id=214"},"modified":"2020-12-10T13:48:51","modified_gmt":"2020-12-10T13:48:51","slug":"donnees-personnelles","status":"publish","type":"page","link":"https:\/\/ecartes.orange.com\/bf\/donnees-personnelles\/","title":{"rendered":"Donn\u00e9es personnelles"},"content":{"rendered":"\n<p><\/p>\n\n\n\n<p>Cette politique de confidentialit\u00e9 s\u2019applique aux clients ayant souscrit au service Orange eCartes Fun sur <a href=\"https:\/\/ecartes.orange.com\">ecartes.orange.com<\/a> \u00e0 compter du 10 d\u00e9cembre 2020.<\/p>\n\n\n\n<p>Cette politique de confidentialit\u00e9 ne s\u2019applique pas aux sites tiers vers lesquels <a href=\"https:\/\/ecartes.orange.com\">ecartes.orange.com<\/a> renvoie ou aux sites faisant de la publicit\u00e9 sur ecartes.orange.com. Ces sites web tiers disposent de leur propre politique de confidentialit\u00e9 que nous vous invitons \u00e0 consulter.<\/p>\n\n\n\n<p>Vos Donn\u00e9es Personnelles sont collect\u00e9es et trait\u00e9es conform\u00e9ment \u00e0 la loi fran\u00e7aise \u00ab Informatique et Libert\u00e9s \u00bb du 6 janvier 1978 telle que modifi\u00e9e par la loi du 6 ao\u00fbt 2004.<\/p>\n\n\n\n<h2>Collecte de Renseignements Personnels<\/h2>\n\n\n\n<p>Les renseignements personnels vous concernant sont collect\u00e9s lorsque vous vous inscrivez et faites usage du service Orange Cartes Fun, lorsque vous envoyez un message via la rubrique contact, un courriel, que vous appelez ou lors de tout \u00e9change avec nous. D\u00e8s lors que vous utilisez les services Orange eCartes Fun, certaines informations sont \u00e9galement collect\u00e9es et peuvent \u00eatre associ\u00e9es \u00e0 vos renseignements personnels, tels que les num\u00e9ros de t\u00e9l\u00e9phones portables et adresses emails indiqu\u00e9s pour la livraison des codes fournis par le service Orange eCartes Fun.<\/p>\n\n\n\n<h2>Utilisation des Donn\u00e9es Personnelles<\/h2>\n\n\n\n<p>Vos donn\u00e9es personnelles sont utilis\u00e9es dans le cadre de l\u2019ex\u00e9cution des services Orange eCartes Fun (telles que les commandes que vous passez, les factures Orange eCartes Fun, les r\u00e9ponses \u00e0 vos demandes d\u2019assistance).<\/p>\n\n\n\n<p>Il est \u00e9galement possible que nous vous contactions par courriel ou SMS pour vous informer sur les produits ou services d\u2019Orange Link SAS ; vous pouvez choisir de ne pas recevoir ce type d\u2019informations en nous contactant \u00e0 contact.ecartes@orange.com.<\/p>\n\n\n\n<p>Vos Donn\u00e9es Personnelles sont collect\u00e9es par Orange Link SAS dans le seul but de traiter votre commande sur <a href=\"https:\/\/ecartes.orange.com\">ecartes.orange.com<\/a> pour le compte d\u2019Orange Link SAS ; elles ne seront en aucun cas communiqu\u00e9es \u00e0 un tiers.<\/p>\n\n\n\n<p>Pour exercer vos droits d\u2019acc\u00e8s, de rectification et de suppression des informations vous concernant, veuillez nous contacter \u00e0 contact.ecartes@orange.com.<\/p>\n\n\n\n<h2>Cookies<\/h2>\n\n\n\n<p>Pour une exp\u00e9rience optimale en ligne, sur les pages Web <a href=\"https:\/\/ecartes.orange.com\">ecartes.orange.com<\/a>, votre ordinateur, votre tablette ou votre Smartphone doit imp\u00e9rativement accepter les \u00ab cookies \u00bb.<\/p>\n\n\n\n<p>Un \u00ab cookie \u00bb est un petit fichier texte qui est stock\u00e9 dans votre syst\u00e8me lorsque vous consultez un site internet : il permet au site d\u2019identifier votre syst\u00e8me \u00e0 chaque fois que vous consultez ce m\u00eame site. Les \u00ab cookies \u00bb ne peuvent pas ex\u00e9cuter de programmes ni transmettre de virus \u00e0 votre syst\u00e8me. De plus, ils ne peuvent \u00eatre lus que par le serveur Web du domaine qui les a sauvegard\u00e9s dans votre syst\u00e8me.<\/p>\n\n\n\n<p><a href=\"https:\/\/ecartes.orange.com\">Ecartes.orange.com<\/a> utilise des \u00ab cookies \u00bb dans le but de collecter des informations sur les internautes et les clients ayant un compte, de mani\u00e8re \u00e0 am\u00e9liorer les Services Orange eCartes Fun. La plupart des navigateurs sont configur\u00e9s par d\u00e9faut pour accepter automatiquement les \u00ab cookies \u00bb, mais il est g\u00e9n\u00e9ralement possible de modifier les param\u00e8tres du navigateur pour \u00e9viter une acceptation automatique et afin qu\u2019il vous avertisse \u00e0 chaque fois qu\u2019un \u00ab cookie \u00bb est envoy\u00e9 dans votre syst\u00e8me ou bien, enfin, pour vous permettre de choisir de ne recevoir aucun \u00abcookie \u00bb. Si vous souhaitez bloquer les \u00ab cookies \u00bb de votre navigateur, vous pouvez consulter la section d\u2019aide de votre navigateur pour conna\u00eetre les instructions appropri\u00e9es. Si vous choisissez de refuser les \u00ab cookies \u00bb, il est possible que vous n\u2019ayez pas acc\u00e8s \u00e0 certaines fonctions interactives et fonctionnalit\u00e9s de <a href=\"https:\/\/ecartes.orange.com\">ecartes.orange.com<\/a>.<\/p>\n\n\n\n<p><\/p>\n\n\n\n<h2>La Charte d\u2019Orange Link relative \u00e0 la protection des donn\u00e9es personnelles et de la vie priv\u00e9e \u2013 janvier 2010 (mise \u00e0 jour : d\u00e9cembre 2014)<\/h2>\n\n\n\n<p>Orange Link s\u2019engage, dans le cadre de ses activit\u00e9s et conform\u00e9ment \u00e0 la l\u00e9gislation en vigueur en France et en Europe, \u00e0 assurer la protection, la confidentialit\u00e9 et la s\u00e9curit\u00e9 des donn\u00e9es \u00e0 caract\u00e8re personnel des utilisateurs de ses services, ainsi qu\u2019\u00e0 respecter leur vie priv\u00e9e.<\/p>\n\n\n\n<p>Les engagements, d\u00e9crits dans la pr\u00e9sente Charte, r\u00e9pondent aux valeurs, aux principes d\u2019action et aux principes de comportement individuels d\u00e9crits dans la Charte de D\u00e9ontologie du Groupe et compl\u00e8tent les engagements d\u2019Orange pour la protection des donn\u00e9es personnelles et le respect de la vie priv\u00e9e.<\/p>\n\n\n\n<p>Pour veiller \u00e0 leur bonne application, Orange a d\u00e9sign\u00e9 un Correspondant Informatique et Libert\u00e9s (CIL), qui est un interlocuteur sp\u00e9cialis\u00e9 dans la protection des donn\u00e9es personnelles, tant au sein d\u2019Orange, que dans ses relations avec la Commission Nationale de l\u2019Informatique et des Libert\u00e9s (CNIL).<\/p>\n\n\n\n<p><strong>\u00a0\u00a0\u00a0 1. Orange Link collecte de mani\u00e8re loyale et transparente les donn\u00e9es personnelles de ses clients et de ses prospects<\/strong><\/p>\n\n\n\n<ul><li>\u00a0\u00a0\u00a0\u00a0\u00a0\u00a0\u00a0 Orange Link s\u2019interdit de collecter des donn\u00e9es personnelles sans en avoir inform\u00e9 les personnes concern\u00e9es<\/li><\/ul>\n\n\n\n<ul><li>\u00a0\u00a0\u00a0\u00a0\u00a0\u00a0\u00a0 Orange Link collecte ces donn\u00e9es pour fournir les services demand\u00e9s par ses clients, r\u00e9pondre \u00e0 des besoins de gestion de sa client\u00e8le et de ses prospects, et les informe de l\u2019usage qui en est fait<\/li><\/ul>\n\n\n\n<ul><li>\u00a0\u00a0\u00a0\u00a0\u00a0\u00a0\u00a0 Orange Link veille \u00e0 la pertinence des donn\u00e9es personnelles collect\u00e9es pour mieux conna\u00eetre ses Clients et assurer un service de qualit\u00e9<\/li><\/ul>\n\n\n\n<ul><li>\u00a0\u00a0\u00a0\u00a0\u00a0\u00a0\u00a0 Orange Link informe les internautes de la d\u00e9pose de cookies et autres traceurs sur les sites qu\u2019il \u00e9dite<\/li><\/ul>\n\n\n\n<p><strong>\u00a0\u00a0\u00a0 2. Orange Link exploite les donn\u00e9es personnelles collect\u00e9es dans le cadre de ses activit\u00e9s commerciales<\/strong><\/p>\n\n\n\n<ul><li>\u00a0\u00a0\u00a0\u00a0\u00a0\u00a0\u00a0 Orange Link assure la confidentialit\u00e9 des donn\u00e9es personnelles qui lui sont confi\u00e9es et d\u00e8s la conception de services, de sites, d\u2019applications respecte les principes de protection des donn\u00e9es<\/li><li>\u00a0\u00a0\u00a0\u00a0\u00a0\u00a0\u00a0 Orange Link utilise les donn\u00e9es personnelles des clients afin de les authentifier, de leur fournir le service souscrit et de leur proposer des offres adapt\u00e9es \u00e0 leurs besoins<\/li><li>\u00a0\u00a0\u00a0\u00a0\u00a0\u00a0\u00a0 Orange Link ne communique les donn\u00e9es personnelles qu\u2019\u00e0 ses prestataires habilit\u00e9s et s\u2019assure qu\u2019ils respectent des conditions strictes de confidentialit\u00e9, d\u2019usage et de protection de ces donn\u00e9es<\/li><li>\u00a0\u00a0\u00a0\u00a0\u00a0\u00a0\u00a0 Orange Link s\u2019interdit de communiquer \u00e0 des partenaires commerciaux les donn\u00e9es personnelles sans avoir inform\u00e9 ses clients et sans leur avoir offert la possibilit\u00e9 d\u2019exercer leur droit d\u2019opposition<\/li><li>\u00a0\u00a0\u00a0\u00a0\u00a0\u00a0\u00a0 Orange Link est susceptible d\u2019utiliser les donn\u00e9es de ses Clients pr\u00e9alablement anonymis\u00e9es \u00e0 des fins d\u2019\u00e9tudes statistiques<\/li><\/ul>\n\n\n\n<p><strong>\u00a0\u00a0\u00a0 3. Orange Link prend les mesures n\u00e9cessaires pour assurer la s\u00e9curit\u00e9 des donn\u00e9es personnelles<\/strong><\/p>\n\n\n\n<ul><li>\u00a0\u00a0\u00a0\u00a0\u00a0\u00a0\u00a0 Orange Link met en \u0153uvre des mesures de s\u00e9curit\u00e9 adapt\u00e9es au degr\u00e9 de sensibilit\u00e9 des donn\u00e9es personnelles pour les prot\u00e9ger contre toute intrusion malveillante, toute perte, alt\u00e9ration ou divulgation \u00e0 des tiers non autoris\u00e9s<\/li><li>\u00a0\u00a0\u00a0\u00a0\u00a0\u00a0\u00a0 Orange Link garantit la s\u00e9curit\u00e9 des informations \u00e9chang\u00e9es lors de transactions ou actes de paiement<\/li><li>\u00a0 \u00a0\u00a0\u00a0\u00a0\u00a0\u00a0Orange Link d\u00e9livre des autorisations d\u2019acc\u00e8s \u00e0 son syst\u00e8me d\u2019information aux seules personnes qui en ont besoin pour exercer leur fonction<\/li><li>\u00a0\u00a0\u00a0\u00a0\u00a0\u00a0\u00a0 Orange Link sensibilise ses collaborateurs \u00e0 la protection des donn\u00e9es personnelles mises \u00e0 leur disposition dans le cadre de leurs fonctions et s\u2019assure qu\u2019ils respectent les r\u00e8gles en vigueur et la d\u00e9ontologie de l\u2019entreprise<\/li><li>\u00a0\u00a0\u00a0\u00a0\u00a0\u00a0\u00a0 Orange Link effectue des audits pour v\u00e9rifier la bonne application op\u00e9rationnelle de ces r\u00e8gles<\/li><li>\u00a0\u00a0\u00a0\u00a0\u00a0\u00a0\u00a0 Orange Link impose \u00e0 ses prestataires de se conformer \u00e0 ses principes de s\u00e9curit\u00e9<\/li><\/ul>\n\n\n\n<p><strong>\u00a0\u00a0\u00a0 4. Orange Link respecte les dur\u00e9es de conservation des donn\u00e9es personnelles<\/strong><\/p>\n\n\n\n<ul><li>\u00a0\u00a0\u00a0\u00a0\u00a0\u00a0\u00a0 Orange Link limite la conservation des donn\u00e9es personnelles \u00e0 la dur\u00e9e d\u00e9finie par la loi ou celle d\u00e9clar\u00e9e aupr\u00e8s du CIL<\/li><li>\u00a0\u00a0\u00a0\u00a0\u00a0\u00a0\u00a0 Orange Link s\u2019engage \u00e0 effacer les donn\u00e9es de ses bases \u00e0 l\u2019issue de cette dur\u00e9e<\/li><\/ul>\n\n\n\n<p>\u00a0\u00a0\u00a0<strong> 5. Orange Link informe ses clients et prospects de leurs droits en mati\u00e8re de donn\u00e9es personnelles<\/strong><\/p>\n\n\n\n<ul><li>\u00a0\u00a0\u00a0\u00a0\u00a0\u00a0\u00a0 Orange Link les informe sur la possibilit\u00e9 d\u2019exercer leurs droits d\u2019acc\u00e8s, de communication, et de rectification des informations les concernant ainsi que leur droit d\u2019opposition pour des motifs l\u00e9gitimes<\/li><li>\u00a0\u00a0\u00a0\u00a0\u00a0\u00a0\u00a0 Orange Link les informe de leur droit d\u2019opposition \u00e0 des op\u00e9rations de prospection commerciale<\/li><\/ul>\n\n\n\n<p>\u00a0\u00a0\u00a0 <strong>6. Orange Link informe et conseille ses clients pour qu\u2019ils prot\u00e8gent leur vie priv\u00e9e<\/strong><\/p>\n\n\n\n<ul><li>\u00a0\u00a0\u00a0\u00a0\u00a0\u00a0\u00a0 Orange Link sensibilise ses clients, et notamment les parents, sur les risques possibles concernant des informations qu\u2019ils rendraient publiques et qui, utilis\u00e9es \u00e0 mauvais escient, pourraient nuire au respect de leur vie priv\u00e9e et \u00e0 leur image (blogs, forums, r\u00e9seaux sociaux,\u2026)<\/li><li>\u00a0\u00a0\u00a0\u00a0\u00a0\u00a0\u00a0 Orange Link propose \u00e0 ses clients des moyens techniques adapt\u00e9s pour les prot\u00e9ger d\u2019\u00e9ventuels actes malveillants notamment au travers du contr\u00f4le parental et l\u2019antivirus Orange Link<\/li><li>\u00a0\u00a0\u00a0\u00a0\u00a0\u00a0\u00a0 Orange Link prend des mesures pour limiter les actions intrusives de tiers (spam\u2026) et informe sur les attaques \u00e9lectroniques (phishing, virus, rapt d\u2019information,\u2026)<\/li><\/ul>\n\n\n\n<p><\/p>\n\n\n\n<p>Orange Link peut \u00eatre amen\u00e9e \u00e0 modifier la pr\u00e9sente Charte \u00e0 tout moment, en raison notamment:<\/p>\n\n\n\n<p>\u00a0\u00a0\u00a0 \u2013 de l\u2019introduction de nouveaux services ou de nouvelles technologies<br>\u00a0\u00a0\u00a0 \u2013 d\u2019\u00e9volutions du cadre l\u00e9gislatif et r\u00e9glementaire<\/p>\n\n\n\n<p>Dans un souci de transparence, Orange Link invite ses visiteurs \u00e0 consulter cette page aussi souvent qu\u2019ils le souhaitent pour prendre connaissance de modifications \u00e9ventuelles.<br>L\u2019ensemble de notre politique et de nos conseils pratiques en la mati\u00e8re sont accessibles sur le site web : <a rel=\"noreferrer noopener\" href=\"https:\/\/bienvivreledigital.orange.fr\/\" target=\"_blank\">https:\/\/bienvivreledigital.orange.fr\/<\/a><\/p>\n","protected":false},"excerpt":{"rendered":"<p>Cette politique de confidentialit\u00e9 s\u2019applique aux clients ayant souscrit au service Orange eCartes Fun sur ecartes.orange.com \u00e0 compter du 10 d\u00e9cembre 2020. Cette politique de confidentialit\u00e9 ne s\u2019applique pas aux sites tiers vers lesquels ecartes.orange.com renvoie ou aux sites faisant de la publicit\u00e9 sur ecartes.orange.com. Ces sites web tiers disposent de leur propre politique de [&hellip;]<\/p>\n","protected":false},"author":1,"featured_media":0,"parent":0,"menu_order":0,"comment_status":"closed","ping_status":"closed","template":"","meta":[],"yoast_head":"<!-- This site is optimized with the Yoast SEO plugin v19.8 - https:\/\/yoast.com\/wordpress\/plugins\/seo\/ -->\n<title>Donn\u00e9es personnelles - e-cartes Fun<\/title>\n<meta name=\"robots\" content=\"index, follow, max-snippet:-1, max-image-preview:large, max-video-preview:-1\" \/>\n<link rel=\"canonical\" href=\"https:\/\/ecartes.orange.com\/bf\/donnees-personnelles\/\" \/>\n<meta property=\"og:locale\" content=\"fr_FR\" \/>\n<meta property=\"og:type\" content=\"article\" \/>\n<meta property=\"og:title\" content=\"Donn\u00e9es personnelles - e-cartes Fun\" \/>\n<meta property=\"og:description\" content=\"Cette politique de confidentialit\u00e9 s\u2019applique aux clients ayant souscrit au service Orange eCartes Fun sur ecartes.orange.com \u00e0 compter du 10 d\u00e9cembre 2020. Cette politique de confidentialit\u00e9 ne s\u2019applique pas aux sites tiers vers lesquels ecartes.orange.com renvoie ou aux sites faisant de la publicit\u00e9 sur ecartes.orange.com. Ces sites web tiers disposent de leur propre politique de [&hellip;]\" \/>\n<meta property=\"og:url\" content=\"https:\/\/ecartes.orange.com\/bf\/donnees-personnelles\/\" \/>\n<meta property=\"og:site_name\" content=\"e-cartes Fun\" \/>\n<meta property=\"article:modified_time\" content=\"2020-12-10T13:48:51+00:00\" \/>\n<meta name=\"twitter:card\" content=\"summary_large_image\" \/>\n<meta name=\"twitter:label1\" content=\"Dur\u00e9e de lecture estim\u00e9e\" \/>\n\t<meta name=\"twitter:data1\" content=\"8 minutes\" \/>\n<script type=\"application\/ld+json\" class=\"yoast-schema-graph\">{\"@context\":\"https:\/\/schema.org\",\"@graph\":[{\"@type\":\"WebPage\",\"@id\":\"https:\/\/ecartes.orange.com\/bf\/donnees-personnelles\/\",\"url\":\"https:\/\/ecartes.orange.com\/bf\/donnees-personnelles\/\",\"name\":\"Donn\u00e9es personnelles - e-cartes Fun\",\"isPartOf\":{\"@id\":\"https:\/\/ecartes.orange.com\/bf\/#website\"},\"datePublished\":\"2020-05-27T08:55:29+00:00\",\"dateModified\":\"2020-12-10T13:48:51+00:00\",\"breadcrumb\":{\"@id\":\"https:\/\/ecartes.orange.com\/bf\/donnees-personnelles\/#breadcrumb\"},\"inLanguage\":\"fr-FR\",\"potentialAction\":[{\"@type\":\"ReadAction\",\"target\":[\"https:\/\/ecartes.orange.com\/bf\/donnees-personnelles\/\"]}]},{\"@type\":\"BreadcrumbList\",\"@id\":\"https:\/\/ecartes.orange.com\/bf\/donnees-personnelles\/#breadcrumb\",\"itemListElement\":[{\"@type\":\"ListItem\",\"position\":1,\"name\":\"Accueil\",\"item\":\"https:\/\/ecartes.orange.com\/bf\/\"},{\"@type\":\"ListItem\",\"position\":2,\"name\":\"Donn\u00e9es personnelles\"}]},{\"@type\":\"WebSite\",\"@id\":\"https:\/\/ecartes.orange.com\/bf\/#website\",\"url\":\"https:\/\/ecartes.orange.com\/bf\/\",\"name\":\"e-cartes Fun\",\"description\":\"\",\"publisher\":{\"@id\":\"https:\/\/ecartes.orange.com\/bf\/#organization\"},\"potentialAction\":[{\"@type\":\"SearchAction\",\"target\":{\"@type\":\"EntryPoint\",\"urlTemplate\":\"https:\/\/ecartes.orange.com\/bf\/?s={search_term_string}\"},\"query-input\":\"required name=search_term_string\"}],\"inLanguage\":\"fr-FR\"},{\"@type\":\"Organization\",\"@id\":\"https:\/\/ecartes.orange.com\/bf\/#organization\",\"name\":\"Orange eCartes Fun\",\"url\":\"https:\/\/ecartes.orange.com\/bf\/\",\"sameAs\":[],\"logo\":{\"@type\":\"ImageObject\",\"inLanguage\":\"fr-FR\",\"@id\":\"https:\/\/ecartes.orange.com\/bf\/#\/schema\/logo\/image\/\",\"url\":\"https:\/\/ecartes.orange.com\/bf\/wp-content\/uploads\/Logo_Orange_RGB.png\",\"contentUrl\":\"https:\/\/ecartes.orange.com\/bf\/wp-content\/uploads\/Logo_Orange_RGB.png\",\"width\":2362,\"height\":2362,\"caption\":\"Orange eCartes Fun\"},\"image\":{\"@id\":\"https:\/\/ecartes.orange.com\/bf\/#\/schema\/logo\/image\/\"}}]}<\/script>\n<!-- \/ Yoast SEO plugin. -->","yoast_head_json":{"title":"Donn\u00e9es personnelles - e-cartes Fun","robots":{"index":"index","follow":"follow","max-snippet":"max-snippet:-1","max-image-preview":"max-image-preview:large","max-video-preview":"max-video-preview:-1"},"canonical":"https:\/\/ecartes.orange.com\/bf\/donnees-personnelles\/","og_locale":"fr_FR","og_type":"article","og_title":"Donn\u00e9es personnelles - e-cartes Fun","og_description":"Cette politique de confidentialit\u00e9 s\u2019applique aux clients ayant souscrit au service Orange eCartes Fun sur ecartes.orange.com \u00e0 compter du 10 d\u00e9cembre 2020. Cette politique de confidentialit\u00e9 ne s\u2019applique pas aux sites tiers vers lesquels ecartes.orange.com renvoie ou aux sites faisant de la publicit\u00e9 sur ecartes.orange.com. Ces sites web tiers disposent de leur propre politique de [&hellip;]","og_url":"https:\/\/ecartes.orange.com\/bf\/donnees-personnelles\/","og_site_name":"e-cartes Fun","article_modified_time":"2020-12-10T13:48:51+00:00","twitter_card":"summary_large_image","twitter_misc":{"Dur\u00e9e de lecture estim\u00e9e":"8 minutes"},"schema":{"@context":"https:\/\/schema.org","@graph":[{"@type":"WebPage","@id":"https:\/\/ecartes.orange.com\/bf\/donnees-personnelles\/","url":"https:\/\/ecartes.orange.com\/bf\/donnees-personnelles\/","name":"Donn\u00e9es personnelles - e-cartes Fun","isPartOf":{"@id":"https:\/\/ecartes.orange.com\/bf\/#website"},"datePublished":"2020-05-27T08:55:29+00:00","dateModified":"2020-12-10T13:48:51+00:00","breadcrumb":{"@id":"https:\/\/ecartes.orange.com\/bf\/donnees-personnelles\/#breadcrumb"},"inLanguage":"fr-FR","potentialAction":[{"@type":"ReadAction","target":["https:\/\/ecartes.orange.com\/bf\/donnees-personnelles\/"]}]},{"@type":"BreadcrumbList","@id":"https:\/\/ecartes.orange.com\/bf\/donnees-personnelles\/#breadcrumb","itemListElement":[{"@type":"ListItem","position":1,"name":"Accueil","item":"https:\/\/ecartes.orange.com\/bf\/"},{"@type":"ListItem","position":2,"name":"Donn\u00e9es personnelles"}]},{"@type":"WebSite","@id":"https:\/\/ecartes.orange.com\/bf\/#website","url":"https:\/\/ecartes.orange.com\/bf\/","name":"e-cartes Fun","description":"","publisher":{"@id":"https:\/\/ecartes.orange.com\/bf\/#organization"},"potentialAction":[{"@type":"SearchAction","target":{"@type":"EntryPoint","urlTemplate":"https:\/\/ecartes.orange.com\/bf\/?s={search_term_string}"},"query-input":"required name=search_term_string"}],"inLanguage":"fr-FR"},{"@type":"Organization","@id":"https:\/\/ecartes.orange.com\/bf\/#organization","name":"Orange eCartes Fun","url":"https:\/\/ecartes.orange.com\/bf\/","sameAs":[],"logo":{"@type":"ImageObject","inLanguage":"fr-FR","@id":"https:\/\/ecartes.orange.com\/bf\/#\/schema\/logo\/image\/","url":"https:\/\/ecartes.orange.com\/bf\/wp-content\/uploads\/Logo_Orange_RGB.png","contentUrl":"https:\/\/ecartes.orange.com\/bf\/wp-content\/uploads\/Logo_Orange_RGB.png","width":2362,"height":2362,"caption":"Orange eCartes Fun"},"image":{"@id":"https:\/\/ecartes.orange.com\/bf\/#\/schema\/logo\/image\/"}}]}},"_links":{"self":[{"href":"https:\/\/ecartes.orange.com\/bf\/wp-json\/wp\/v2\/pages\/214"}],"collection":[{"href":"https:\/\/ecartes.orange.com\/bf\/wp-json\/wp\/v2\/pages"}],"about":[{"href":"https:\/\/ecartes.orange.com\/bf\/wp-json\/wp\/v2\/types\/page"}],"author":[{"embeddable":true,"href":"https:\/\/ecartes.orange.com\/bf\/wp-json\/wp\/v2\/users\/1"}],"replies":[{"embeddable":true,"href":"https:\/\/ecartes.orange.com\/bf\/wp-json\/wp\/v2\/comments?post=214"}],"version-history":[{"count":5,"href":"https:\/\/ecartes.orange.com\/bf\/wp-json\/wp\/v2\/pages\/214\/revisions"}],"predecessor-version":[{"id":500,"href":"https:\/\/ecartes.orange.com\/bf\/wp-json\/wp\/v2\/pages\/214\/revisions\/500"}],"wp:attachment":[{"href":"https:\/\/ecartes.orange.com\/bf\/wp-json\/wp\/v2\/media?parent=214"}],"curies":[{"name":"wp","href":"https:\/\/api.w.org\/{rel}","templated":true}]}}